{"id":793,"date":"2019-09-26T16:45:15","date_gmt":"2019-09-26T14:45:15","guid":{"rendered":"https:\/\/dialisiragusa.it\/?page_id=793"},"modified":"2020-03-05T12:51:22","modified_gmt":"2020-03-05T11:51:22","slug":"lavora-con-noi","status":"publish","type":"page","link":"https:\/\/dialisiragusa.it\/ro\/lucrati-cu-noi\/","title":{"rendered":"LUCRA\u021aI CU NOI"},"content":{"rendered":"<div data-elementor-type=\"wp-page\" data-elementor-id=\"793\" class=\"elementor elementor-793\" data-elementor-settings=\"[]\">\n\t\t\t\t\t\t<div class=\"elementor-inner\">\n\t\t\t\t\t\t\t<div class=\"elementor-section-wrap\">\n\t\t\t\t\t\t\t<section class=\"elementor-section elementor-top-section elementor-element elementor-element-9fefb52 elementor-section-boxed elementor-section-height-default elementor-section-height-default\" data-id=\"9fefb52\" data-element_type=\"section\">\n\t\t\t\t\t\t<div class=\"elementor-container elementor-column-gap-default\">\n\t\t\t\t\t\t\t<div class=\"elementor-row\">\n\t\t\t\t\t<div class=\"aux-parallax-section elementor-column elementor-col-100 elementor-top-column elementor-element elementor-element-806da11\" data-id=\"806da11\" data-element_type=\"column\">\n\t\t\t<div class=\"elementor-column-wrap elementor-element-populated\">\n\t\t\t\t\t\t\t<div class=\"elementor-widget-wrap\">\n\t\t\t\t\t\t<div class=\"elementor-element elementor-element-8ccc3cc aux-appear-watch-animation aux-fade-in-up elementor-widget elementor-widget-aux_modern_heading\" data-id=\"8ccc3cc\" data-element_type=\"widget\" data-widget_type=\"aux_modern_heading.default\">\n\t\t\t\t<div class=\"elementor-widget-container\">\n\t\t\t<section class=\"aux-widget-modern-heading\">\n            <div class=\"aux-widget-inner\"><h1 class=\"aux-modern-heading-primary\">LUCRA\u021aI CU NOI<\/h1><div class=\"aux-modern-heading-divider\"><\/div><div class=\"aux-modern-heading-description\"><p>Cautam vorbitori nativi pentru promovarea serviciilor noastre. <br \/>Prezen\u021ba local\u0103 nu este necesar\u0103 \u0219i pute\u021bi lucra din confortul propriei case.<br \/>Completa\u021bi formularul \u0219i ve\u021bi fi contactat de personalul nostru.<\/p><\/div><\/div>\n        <\/section>\t\t<\/div>\n\t\t\t\t<\/div>\n\t\t\t\t<div class=\"elementor-element elementor-element-4573322 elementor-button-align-stretch elementor-widget elementor-widget-form\" data-id=\"4573322\" data-element_type=\"widget\" data-settings=\"{&quot;button_width&quot;:&quot;100&quot;,&quot;step_next_label&quot;:&quot;Next&quot;,&quot;step_previous_label&quot;:&quot;Previous&quot;,&quot;step_type&quot;:&quot;number_text&quot;,&quot;step_icon_shape&quot;:&quot;circle&quot;}\" data-widget_type=\"form.default\">\n\t\t\t\t<div class=\"elementor-widget-container\">\n\t\t\t\t\t<form class=\"elementor-form\" method=\"post\" name=\"New Form\" action=\"\">\n\t\t\t<input type=\"hidden\" name=\"post_id\" value=\"793\"\/>\n\t\t\t<input type=\"hidden\" name=\"form_id\" value=\"4573322\"\/>\n\t\t\t<input type=\"hidden\" name=\"referer_title\" value=\"Dialisi Ragusa\" \/>\n\n\t\t\t\n\t\t\t<div class=\"elementor-form-fields-wrapper elementor-labels-above\">\n\t\t\t\t\t\t\t\t<div class=\"elementor-field-type-text elementor-field-group elementor-column elementor-field-group-nome elementor-col-50 elementor-field-required elementor-mark-required\">\n\t\t\t\t\t\t\t\t\t\t\t\t<label for=\"form-field-nome\" class=\"elementor-field-label\">\n\t\t\t\t\t\t\t\tNume\t\t\t\t\t\t\t<\/label>\n\t\t\t\t\t\t\t\t\t\t\t\t\t\t<input size=\"1\" type=\"text\" name=\"form_fields[nome]\" id=\"form-field-nome\" class=\"elementor-field elementor-size-sm  elementor-field-textual\" required=\"required\" aria-required=\"true\">\n\t\t\t\t\t\t\t\t\t\t\t<\/div>\n\t\t\t\t\t\t\t\t<div class=\"elementor-field-type-text elementor-field-group elementor-column elementor-field-group-cognome elementor-col-50 elementor-field-required elementor-mark-required\">\n\t\t\t\t\t\t\t\t\t\t\t\t<label for=\"form-field-cognome\" class=\"elementor-field-label\">\n\t\t\t\t\t\t\t\tPrenume\t\t\t\t\t\t\t<\/label>\n\t\t\t\t\t\t\t\t\t\t\t\t\t\t<input size=\"1\" type=\"text\" name=\"form_fields[cognome]\" id=\"form-field-cognome\" class=\"elementor-field elementor-size-sm  elementor-field-textual\" required=\"required\" aria-required=\"true\">\n\t\t\t\t\t\t\t\t\t\t\t<\/div>\n\t\t\t\t\t\t\t\t<div class=\"elementor-field-type-email elementor-field-group elementor-column elementor-field-group-email elementor-col-50 elementor-field-required elementor-mark-required\">\n\t\t\t\t\t\t\t\t\t\t\t\t<label for=\"form-field-email\" class=\"elementor-field-label\">\n\t\t\t\t\t\t\t\tEmail\t\t\t\t\t\t\t<\/label>\n\t\t\t\t\t\t\t\t\t\t\t\t\t\t<input size=\"1\" type=\"email\" name=\"form_fields[email]\" id=\"form-field-email\" class=\"elementor-field elementor-size-sm  elementor-field-textual\" required=\"required\" aria-required=\"true\">\n\t\t\t\t\t\t\t\t\t\t\t<\/div>\n\t\t\t\t\t\t\t\t<div class=\"elementor-field-type-tel elementor-field-group elementor-column elementor-field-group-telefono elementor-col-50 elementor-field-required elementor-mark-required\">\n\t\t\t\t\t\t\t\t\t\t\t\t<label for=\"form-field-telefono\" class=\"elementor-field-label\">\n\t\t\t\t\t\t\t\tTelefon\t\t\t\t\t\t\t<\/label>\n\t\t\t\t\t\t\t\t<input size=\"1\" type=\"tel\" name=\"form_fields[telefono]\" id=\"form-field-telefono\" class=\"elementor-field elementor-size-sm  elementor-field-textual\" required=\"required\" aria-required=\"true\" pattern=\"[0-9()#&amp;+*-=.]+\" title=\"Only numbers and phone characters (#, -, *, etc) are accepted.\">\n\n\t\t\t\t\t\t<\/div>\n\t\t\t\t\t\t\t\t<div class=\"elementor-field-type-text elementor-field-group elementor-column elementor-field-group-paese elementor-col-50 elementor-field-required elementor-mark-required\">\n\t\t\t\t\t\t\t\t\t\t\t\t<label for=\"form-field-paese\" class=\"elementor-field-label\">\n\t\t\t\t\t\t\t\t\u021bar\u0103\t\t\t\t\t\t\t<\/label>\n\t\t\t\t\t\t\t\t\t\t\t\t\t\t<input size=\"1\" type=\"text\" name=\"form_fields[paese]\" id=\"form-field-paese\" class=\"elementor-field elementor-size-sm  elementor-field-textual\" required=\"required\" aria-required=\"true\">\n\t\t\t\t\t\t\t\t\t\t\t<\/div>\n\t\t\t\t\t\t\t\t<div class=\"elementor-field-type-upload elementor-field-group elementor-column elementor-field-group-cv elementor-col-50 elementor-field-required elementor-mark-required\">\n\t\t\t\t\t\t\t\t\t\t\t\t<label for=\"form-field-cv\" class=\"elementor-field-label\">\n\t\t\t\t\t\t\t\tAta\u0219a\u021bi CV-ul (pdf max 5mb)\t\t\t\t\t\t\t<\/label>\n\t\t\t\t\t\t\t\t<input type=\"file\" name=\"form_fields[cv]\" id=\"form-field-cv\" class=\"elementor-field elementor-size-sm  elementor-upload-field\" required=\"required\" aria-required=\"true\" data-maxsize=\"5\" data-maxsize-message=\"Fi\u0219ierul dep\u0103\u0219e\u0219te dimensiunea maxim\u0103 permis\u0103.\">\n\n\t\t\t\t\t\t<\/div>\n\t\t\t\t\t\t\t\t<div class=\"elementor-field-type-html elementor-field-group elementor-column elementor-field-group-field_8 elementor-col-100\">\n\t\t\t\t\t<section style=\"border:1px solid #000000;padding:10px; overflow-y: scroll; overflow-x: hidden; height:50px; margin-top:10px;font-size:11px;\">\n\n<p>\n  <strong>\n    Informa\u021bii \u00een temeiul art. 13 din Regulamentul UE nr. 679\/2016\n  <\/strong>\n<\/p>\n\n\n<p style=\"font-weight:normal;\">\n  Aceste informa\u021bii sunt destinate s\u0103 ofere utilizatorului informa\u021bii referitoare la prelucrarea datelor furnizate pentru utilizarea formularului \u201econtact\u201d de pe site-ul dialisiragusa.it \u00een conformitate cu art. 13 din Regulamentul European nr. 679\/2016.\n<\/p>\n\n<p>\n  <strong>1. Controler de date<\/strong>\n<\/p>\n<p style=\"font-weight:normal;\">\n  Controlorul de date este Iblea Medica s.r.l. cu sediul social \u00een Via Beato Angelico 16 - 97100 Ragusa, mail info@dialisiragusa.it, P.I. 00808920888\n<p>\n<p>\n  Operatorul de date nu a numit o persoan\u0103 responsabil\u0103 pentru protec\u021bia datelor cu caracter personal (RPD sau DPO).\n<\/p>\n\n<p><strong>2. Scopul proces\u0103rii datelor<\/strong><\/p>\n\n<p style=\"font-weight:normal;\">\n  Datele cu caracter personal colectate de c\u0103tre proprietarul operatorului de date au ca scop s\u0103 ofere utilizatorului un r\u0103spuns la cererea transmis\u0103 prin formularul \u201econtacte\u201d, prezent pe site-ul dialisiragusa.it\n<\/p>\n\n<p><strong>3. Temeiul legal al proces\u0103rii<\/strong><\/p>\n<p style=\"font-weight:normal;\">\nPrelucrarea datelor cu caracter personal ale utilizatorului se realizeaz\u0103 \u00een mod legal atunci c\u00e2nd: <br \/>\n- se bazeaz\u0103 pe acordul persoanei vizate.\n<\/p>\n\n<p><strong>4. P\u0103strarea datelor<\/strong><\/p>\n<p style=\"font-weight:normal;\">\nDatele dvs. cu caracter personal, supuse prelucr\u0103rii \u00een scopurile men\u021bionate anterior, vor fi p\u0103strate timp de trei luni de la finalizarea cererii de informa\u021bii, trimise de utilizator prin intermediul formularului \u201econtact\u201d.\n<\/p>\n\n<p><strong>5. Comunicarea datelor<\/strong><\/p>\n<p style=\"font-weight:normal;\">\nDatele colectate nu vor fi comunicate ter\u021bilor.\n<\/p>\n\n<p><strong>6. Drepturile p\u0103r\u021bii interesate<\/strong><\/p>>\n<p style=\"font-weight:normal;\">\n  Printre drepturile recunoscute p\u0103r\u021bilor interesate de Regulamentul UE nr. 679\/2016 include cele din:<br \/>\n  - solicit\u0103 acces la datele cu caracter personal colectate \u0219i la informa\u021biile referitoare la acestea;<br \/>\n  - solicit\u0103 corectarea datelor inexacte sau integrarea celor incomplete;<br \/>\n  - solicita\u021bi \u0219tergerea datelor dvs. cu caracter personal \u00een cazurile prev\u0103zute de art. 17, paragraful 1 din Regulamentul UE nr. 679\/2016;<br \/>\n  - solicit\u0103 limitarea proces\u0103rii datelor utilizatorilor \u00een cazurile prev\u0103zute la art. 18, paragraful 1 din Regulamentul UE nr. 679\/2016;<br \/>\n  - s\u0103 solicite \u0219i s\u0103 ob\u021bin\u0103 ca datele personale ale utilizatorului s\u0103 fie prelucrate \u00een mod automat \u0219i ob\u021binute cu acordul p\u0103r\u021bii interesate sau pe baza unui contract prev\u0103zut cu partea interesat\u0103, s\u0103 fie furnizate acesteia din urm\u0103 \u00eentr-un format structurat \u0219i care poate fi citit automat; de asemenea, pentru a comunica aceste date unui alt operator de date (dreptul la portabilitatea datelor);<br \/>\n  - s\u0103 se opun\u0103 \u00een orice moment prelucr\u0103rii datelor dvs. cu caracter personal \u00een cazurile prev\u0103zute de art. art. 21 din Regulamentul UE nr. 679\/2016. <br \/>\n  - revoc\u0103 consim\u021b\u0103m\u00e2ntul \u00een orice moment, dar numai \u00een cazul \u00een care prelucrarea se bazeaz\u0103 pe consim\u021b\u0103m\u00e2nt pentru unul sau mai multe scopuri \u0219i prive\u0219te date cu caracter personal comune (cum ar fi data \u0219i locul na\u0219terii sau locul de re\u0219edin\u021b\u0103) sau categorii speciale de date (cum ar fi originea rasial\u0103, opiniile politice, credin\u021bele religioase, starea de s\u0103n\u0103tate sau via\u021ba sexual\u0103);<br \/>\n  - propune o pl\u00e2ngere c\u0103tre o autoritate de supraveghere \u0219i pentru Italia autorit\u0103\u021bii garant\u0103 pentru protec\u021bia datelor cu caracter personal (www.garanteprivacy.it).\n\n<\/p>\n\n<p><strong>7. Metode de procesare<\/strong><\/p>>\n<p style=\"font-weight:normal;\">\n  Prelucrarea se realizeaz\u0103 prin mijloace electronice), pentru timpul strict necesar pentru atingerea scopurilor pentru care au fost colectate datele \u0219i, \u00een orice caz, cu respectarea reglement\u0103rilor \u00een vigoare \u00een materie.\n<\/p>\n\n<p><strong>8. Consecin\u021bele e\u0219ecului \u00een comunicarea datelor cu caracter personal <\/strong><\/p>\n<p style=\"font-weight:normal;\">\n  Nerespectarea datelor solicitate \u00een formularul de contact face imposibil\u0103 transmiterea cererii de contact \u0219i, prin urmare, primirea r\u0103spunsului.\n<\/p>\n<\/section>\n\t\t\t\t<\/div>\n\t\t\t\t\t\t\t\t<div class=\"elementor-field-type-acceptance elementor-field-group elementor-column elementor-field-group-field_9 elementor-col-100 elementor-field-required elementor-mark-required\">\n\t\t\t\t\t\t\t<div class=\"elementor-field-subgroup\">\n\t\t\t<span class=\"elementor-field-option\">\n\t\t\t\t<input type=\"checkbox\" name=\"form_fields[field_9]\" id=\"form-field-field_9\" class=\"elementor-field elementor-size-sm  elementor-acceptance-field\" required=\"required\" aria-required=\"true\">\n\t\t\t\t<label for=\"form-field-field_9\">Declar c\u0103 am citit Politica de confiden\u021bialitate \u0219i consimt la prelucrarea datelor mele personale pentru a primi informa\u021biile solicitate<\/label>\t\t\t<\/span>\n\t\t<\/div>\n\t\t\t\t\t\t<\/div>\n\t\t\t\t\t\t\t\t<div class=\"elementor-field-group elementor-column elementor-field-type-submit elementor-col-100 e-form__buttons\">\n\t\t\t\t\t<button type=\"submit\" class=\"elementor-button elementor-size-md\">\n\t\t\t\t\t\t<span >\n\t\t\t\t\t\t\t\t\t\t\t\t\t\t\t<span class=\"elementor-button-icon\">\n\t\t\t\t\t\t\t\t\t\t\t\t\t\t\t\t\t\t\t\t\t\t\t\t\t\t<\/span>\n\t\t\t\t\t\t\t\t\t\t\t\t\t\t\t\t\t\t\t\t\t\t<span class=\"elementor-button-text\">TRIMITE SOLICITAREA<\/span>\n\t\t\t\t\t\t\t\t\t\t\t\t\t<\/span>\n\t\t\t\t\t<\/button>\n\t\t\t\t<\/div>\n\t\t\t<\/div>\n\t\t<input type=\"hidden\" name=\"trp-form-language\" value=\"ro\"\/><\/form>\n\t\t\t\t<\/div>\n\t\t\t\t<\/div>\n\t\t\t\t\t\t<\/div>\n\t\t\t\t\t<\/div>\n\t\t<\/div>\n\t\t\t\t\t\t\t\t<\/div>\n\t\t\t\t\t<\/div>\n\t\t<\/section>\n\t\t\t\t\t\t<\/div>\n\t\t\t\t\t\t<\/div>\n\t\t\t\t\t<\/div>","protected":false},"excerpt":{"rendered":"<p>Lavora con noi Siamo alla ricerca di collaboratori madrelingua per la promozione dei nostri servizi. Non \u00e8 richiesta la presenza in loco e potrai lavorare comodamente da casa tua. Compila il modulo e verrai ricontattato dal nostro staff.<\/p>","protected":false},"author":1,"featured_media":0,"parent":0,"menu_order":0,"comment_status":"closed","ping_status":"closed","template":"elementor_header_footer","meta":{"_mi_skip_tracking":false},"yoast_head":"<!-- This site is optimized with the Yoast SEO plugin v17.7 - https:\/\/yoast.com\/wordpress\/plugins\/seo\/ -->\n<title>Dialisi Ragusa | Vuoi venire a lavorare insieme a noi?<\/title>\n<meta name=\"description\" content=\"Siamo alla ricerca di collaboratori madrelingua. Non \u00e8 richiesta la presenza in loco e potrai lavorare comodamente da casa tua.\" \/>\n<meta name=\"robots\" content=\"index, follow, max-snippet:-1, max-image-preview:large, max-video-preview:-1\" \/>\n<link rel=\"canonical\" href=\"https:\/\/dialisiragusa.it\/ro\/lucrati-cu-noi\/\" \/>\n<meta property=\"og:locale\" content=\"ro_RO\" \/>\n<meta property=\"og:type\" content=\"article\" \/>\n<meta property=\"og:title\" content=\"Dialisi Ragusa | Vuoi venire a lavorare insieme a noi?\" \/>\n<meta property=\"og:description\" content=\"Siamo alla ricerca di collaboratori madrelingua. Non \u00e8 richiesta la presenza in loco e potrai lavorare comodamente da casa tua.\" \/>\n<meta property=\"og:url\" content=\"https:\/\/dialisiragusa.it\/ro\/lucrati-cu-noi\/\" \/>\n<meta property=\"og:site_name\" content=\"Dialisi Ragusa\" \/>\n<meta property=\"article:modified_time\" content=\"2020-03-05T11:51:22+00:00\" \/>\n<meta property=\"og:image\" content=\"https:\/\/dialisiragusa.it\/wp-content\/uploads\/2019\/05\/preview-dialisi.png\" \/>\n\t<meta property=\"og:image:width\" content=\"1042\" \/>\n\t<meta property=\"og:image:height\" content=\"500\" \/>\n<meta name=\"twitter:card\" content=\"summary_large_image\" \/>\n<script type=\"application\/ld+json\" class=\"yoast-schema-graph\">{\"@context\":\"https:\/\/schema.org\",\"@graph\":[{\"@type\":\"Organization\",\"@id\":\"https:\/\/dialisiragusa.it\/#organization\",\"name\":\"Dialisi Ragusa\",\"url\":\"https:\/\/dialisiragusa.it\/\",\"sameAs\":[],\"logo\":{\"@type\":\"ImageObject\",\"@id\":\"https:\/\/dialisiragusa.it\/#logo\",\"inLanguage\":\"ro-RO\",\"url\":\"https:\/\/dialisiragusa.it\/wp-content\/uploads\/2019\/05\/Dialisi-Ragusa-vacanze-per-pazienti-emodializzati.png\",\"contentUrl\":\"https:\/\/dialisiragusa.it\/wp-content\/uploads\/2019\/05\/Dialisi-Ragusa-vacanze-per-pazienti-emodializzati.png\",\"width\":400,\"height\":71,\"caption\":\"Dialisi Ragusa\"},\"image\":{\"@id\":\"https:\/\/dialisiragusa.it\/#logo\"}},{\"@type\":\"WebSite\",\"@id\":\"https:\/\/dialisiragusa.it\/#website\",\"url\":\"https:\/\/dialisiragusa.it\/\",\"name\":\"Dialisi Ragusa\",\"description\":\"Vacanze per emodializzati\",\"publisher\":{\"@id\":\"https:\/\/dialisiragusa.it\/#organization\"},\"potentialAction\":[{\"@type\":\"SearchAction\",\"target\":{\"@type\":\"EntryPoint\",\"urlTemplate\":\"https:\/\/dialisiragusa.it\/?s={search_term_string}\"},\"query-input\":\"required name=search_term_string\"}],\"inLanguage\":\"ro-RO\"},{\"@type\":\"WebPage\",\"@id\":\"https:\/\/dialisiragusa.it\/lavora-con-noi\/#webpage\",\"url\":\"https:\/\/dialisiragusa.it\/lavora-con-noi\/\",\"name\":\"Dialisi Ragusa | Vuoi venire a lavorare insieme a noi?\",\"isPartOf\":{\"@id\":\"https:\/\/dialisiragusa.it\/#website\"},\"datePublished\":\"2019-09-26T14:45:15+00:00\",\"dateModified\":\"2020-03-05T11:51:22+00:00\",\"description\":\"Siamo alla ricerca di collaboratori madrelingua. Non \\u00e8 richiesta la presenza in loco e potrai lavorare comodamente da casa tua.\",\"breadcrumb\":{\"@id\":\"https:\/\/dialisiragusa.it\/lavora-con-noi\/#breadcrumb\"},\"inLanguage\":\"ro-RO\",\"potentialAction\":[{\"@type\":\"ReadAction\",\"target\":[\"https:\/\/dialisiragusa.it\/lavora-con-noi\/\"]}]},{\"@type\":\"BreadcrumbList\",\"@id\":\"https:\/\/dialisiragusa.it\/lavora-con-noi\/#breadcrumb\",\"itemListElement\":[{\"@type\":\"ListItem\",\"position\":1,\"name\":\"Home\",\"item\":\"https:\/\/dialisiragusa.it\/\"},{\"@type\":\"ListItem\",\"position\":2,\"name\":\"LAVORA CON NOI\"}]}]}<\/script>\n<!-- \/ Yoast SEO plugin. -->","yoast_head_json":{"title":"Dialisi Ragusa | Vuoi venire a lavorare insieme a noi?","description":"Siamo alla ricerca di collaboratori madrelingua. Non \u00e8 richiesta la presenza in loco e potrai lavorare comodamente da casa tua.","robots":{"index":"index","follow":"follow","max-snippet":"max-snippet:-1","max-image-preview":"max-image-preview:large","max-video-preview":"max-video-preview:-1"},"canonical":"https:\/\/dialisiragusa.it\/ro\/lucrati-cu-noi\/","og_locale":"ro_RO","og_type":"article","og_title":"Dialisi Ragusa | Vuoi venire a lavorare insieme a noi?","og_description":"Siamo alla ricerca di collaboratori madrelingua. Non \u00e8 richiesta la presenza in loco e potrai lavorare comodamente da casa tua.","og_url":"https:\/\/dialisiragusa.it\/ro\/lucrati-cu-noi\/","og_site_name":"Dialisi Ragusa","article_modified_time":"2020-03-05T11:51:22+00:00","og_image":[{"width":1042,"height":500,"url":"https:\/\/dialisiragusa.it\/wp-content\/uploads\/2019\/05\/preview-dialisi.png","type":"image\/png"}],"twitter_card":"summary_large_image","schema":{"@context":"https:\/\/schema.org","@graph":[{"@type":"Organization","@id":"https:\/\/dialisiragusa.it\/#organization","name":"Dialisi Ragusa","url":"https:\/\/dialisiragusa.it\/","sameAs":[],"logo":{"@type":"ImageObject","@id":"https:\/\/dialisiragusa.it\/#logo","inLanguage":"ro-RO","url":"https:\/\/dialisiragusa.it\/wp-content\/uploads\/2019\/05\/Dialisi-Ragusa-vacanze-per-pazienti-emodializzati.png","contentUrl":"https:\/\/dialisiragusa.it\/wp-content\/uploads\/2019\/05\/Dialisi-Ragusa-vacanze-per-pazienti-emodializzati.png","width":400,"height":71,"caption":"Dialisi Ragusa"},"image":{"@id":"https:\/\/dialisiragusa.it\/#logo"}},{"@type":"WebSite","@id":"https:\/\/dialisiragusa.it\/#website","url":"https:\/\/dialisiragusa.it\/","name":"Dialisi Ragusa","description":"Vacanze per emodializzati","publisher":{"@id":"https:\/\/dialisiragusa.it\/#organization"},"potentialAction":[{"@type":"SearchAction","target":{"@type":"EntryPoint","urlTemplate":"https:\/\/dialisiragusa.it\/?s={search_term_string}"},"query-input":"required name=search_term_string"}],"inLanguage":"ro-RO"},{"@type":"WebPage","@id":"https:\/\/dialisiragusa.it\/lavora-con-noi\/#webpage","url":"https:\/\/dialisiragusa.it\/lavora-con-noi\/","name":"Dialisi Ragusa | Vuoi venire a lavorare insieme a noi?","isPartOf":{"@id":"https:\/\/dialisiragusa.it\/#website"},"datePublished":"2019-09-26T14:45:15+00:00","dateModified":"2020-03-05T11:51:22+00:00","description":"Siamo alla ricerca di collaboratori madrelingua. Non \u00e8 richiesta la presenza in loco e potrai lavorare comodamente da casa tua.","breadcrumb":{"@id":"https:\/\/dialisiragusa.it\/lavora-con-noi\/#breadcrumb"},"inLanguage":"ro-RO","potentialAction":[{"@type":"ReadAction","target":["https:\/\/dialisiragusa.it\/lavora-con-noi\/"]}]},{"@type":"BreadcrumbList","@id":"https:\/\/dialisiragusa.it\/lavora-con-noi\/#breadcrumb","itemListElement":[{"@type":"ListItem","position":1,"name":"Home","item":"https:\/\/dialisiragusa.it\/"},{"@type":"ListItem","position":2,"name":"LAVORA CON NOI"}]}]}},"_links":{"self":[{"href":"https:\/\/dialisiragusa.it\/ro\/wp-json\/wp\/v2\/pages\/793"}],"collection":[{"href":"https:\/\/dialisiragusa.it\/ro\/wp-json\/wp\/v2\/pages"}],"about":[{"href":"https:\/\/dialisiragusa.it\/ro\/wp-json\/wp\/v2\/types\/page"}],"author":[{"embeddable":true,"href":"https:\/\/dialisiragusa.it\/ro\/wp-json\/wp\/v2\/users\/1"}],"replies":[{"embeddable":true,"href":"https:\/\/dialisiragusa.it\/ro\/wp-json\/wp\/v2\/comments?post=793"}],"version-history":[{"count":10,"href":"https:\/\/dialisiragusa.it\/ro\/wp-json\/wp\/v2\/pages\/793\/revisions"}],"predecessor-version":[{"id":1565,"href":"https:\/\/dialisiragusa.it\/ro\/wp-json\/wp\/v2\/pages\/793\/revisions\/1565"}],"wp:attachment":[{"href":"https:\/\/dialisiragusa.it\/ro\/wp-json\/wp\/v2\/media?parent=793"}],"curies":[{"name":"wp","href":"https:\/\/api.w.org\/{rel}","templated":true}]}}