{"id":793,"date":"2019-09-26T16:45:15","date_gmt":"2019-09-26T14:45:15","guid":{"rendered":"https:\/\/dialisiragusa.it\/?page_id=793"},"modified":"2020-03-05T12:51:22","modified_gmt":"2020-03-05T11:51:22","slug":"lavora-con-noi","status":"publish","type":"page","link":"https:\/\/dialisiragusa.it\/pl\/roboty-z-nami\/","title":{"rendered":"PRACUJ Z NAMI"},"content":{"rendered":"<div data-elementor-type=\"wp-page\" data-elementor-id=\"793\" class=\"elementor elementor-793\" data-elementor-settings=\"[]\">\n\t\t\t\t\t\t<div class=\"elementor-inner\">\n\t\t\t\t\t\t\t<div class=\"elementor-section-wrap\">\n\t\t\t\t\t\t\t<section class=\"elementor-section elementor-top-section elementor-element elementor-element-9fefb52 elementor-section-boxed elementor-section-height-default elementor-section-height-default\" data-id=\"9fefb52\" data-element_type=\"section\">\n\t\t\t\t\t\t<div class=\"elementor-container elementor-column-gap-default\">\n\t\t\t\t\t\t\t<div class=\"elementor-row\">\n\t\t\t\t\t<div class=\"aux-parallax-section elementor-column elementor-col-100 elementor-top-column elementor-element elementor-element-806da11\" data-id=\"806da11\" data-element_type=\"column\">\n\t\t\t<div class=\"elementor-column-wrap elementor-element-populated\">\n\t\t\t\t\t\t\t<div class=\"elementor-widget-wrap\">\n\t\t\t\t\t\t<div class=\"elementor-element elementor-element-8ccc3cc aux-appear-watch-animation aux-fade-in-up elementor-widget elementor-widget-aux_modern_heading\" data-id=\"8ccc3cc\" data-element_type=\"widget\" data-widget_type=\"aux_modern_heading.default\">\n\t\t\t\t<div class=\"elementor-widget-container\">\n\t\t\t<section class=\"aux-widget-modern-heading\">\n            <div class=\"aux-widget-inner\"><h1 class=\"aux-modern-heading-primary\">Pracuj z nami<\/h1><div class=\"aux-modern-heading-divider\"><\/div><div class=\"aux-modern-heading-description\"><p>Poszukujemy rodzimych u\u017cytkownik\u00f3w j\u0119zyka do promocji naszych us\u0142ug. <br \/>Obecno\u015b\u0107 na miejscu nie jest wymagana i mo\u017cesz pracowa\u0107 w zaciszu w\u0142asnego domu.<br \/>Wype\u0142nij formularz, a skontaktuje si\u0119 z Tob\u0105 nasz personel.<\/p><\/div><\/div>\n        <\/section>\t\t<\/div>\n\t\t\t\t<\/div>\n\t\t\t\t<div class=\"elementor-element elementor-element-4573322 elementor-button-align-stretch elementor-widget elementor-widget-form\" data-id=\"4573322\" data-element_type=\"widget\" data-settings=\"{&quot;button_width&quot;:&quot;100&quot;,&quot;step_next_label&quot;:&quot;Nast\\u0119pny&quot;,&quot;step_previous_label&quot;:&quot;Poprzedni&quot;,&quot;step_type&quot;:&quot;number_text&quot;,&quot;step_icon_shape&quot;:&quot;circle&quot;}\" data-widget_type=\"form.default\">\n\t\t\t\t<div class=\"elementor-widget-container\">\n\t\t\t\t\t<form class=\"elementor-form\" method=\"post\" name=\"New Form\" action=\"\">\n\t\t\t<input type=\"hidden\" name=\"post_id\" value=\"793\"\/>\n\t\t\t<input type=\"hidden\" name=\"form_id\" value=\"4573322\"\/>\n\t\t\t<input type=\"hidden\" name=\"referer_title\" value=\"Dialisi Ragusa\" \/>\n\n\t\t\t\n\t\t\t<div class=\"elementor-form-fields-wrapper elementor-labels-above\">\n\t\t\t\t\t\t\t\t<div class=\"elementor-field-type-text elementor-field-group elementor-column elementor-field-group-nome elementor-col-50 elementor-field-required elementor-mark-required\">\n\t\t\t\t\t\t\t\t\t\t\t\t<label for=\"form-field-nome\" class=\"elementor-field-label\">\n\t\t\t\t\t\t\t\tnazwa\t\t\t\t\t\t\t<\/label>\n\t\t\t\t\t\t\t\t\t\t\t\t\t\t<input size=\"1\" type=\"text\" name=\"form_fields[nome]\" id=\"form-field-nome\" class=\"elementor-field elementor-size-sm  elementor-field-textual\" required=\"required\" aria-required=\"true\">\n\t\t\t\t\t\t\t\t\t\t\t<\/div>\n\t\t\t\t\t\t\t\t<div class=\"elementor-field-type-text elementor-field-group elementor-column elementor-field-group-cognome elementor-col-50 elementor-field-required elementor-mark-required\">\n\t\t\t\t\t\t\t\t\t\t\t\t<label for=\"form-field-cognome\" class=\"elementor-field-label\">\n\t\t\t\t\t\t\t\tnazwisko\t\t\t\t\t\t\t<\/label>\n\t\t\t\t\t\t\t\t\t\t\t\t\t\t<input size=\"1\" type=\"text\" name=\"form_fields[cognome]\" id=\"form-field-cognome\" class=\"elementor-field elementor-size-sm  elementor-field-textual\" required=\"required\" aria-required=\"true\">\n\t\t\t\t\t\t\t\t\t\t\t<\/div>\n\t\t\t\t\t\t\t\t<div class=\"elementor-field-type-email elementor-field-group elementor-column elementor-field-group-email elementor-col-50 elementor-field-required elementor-mark-required\">\n\t\t\t\t\t\t\t\t\t\t\t\t<label for=\"form-field-email\" class=\"elementor-field-label\">\n\t\t\t\t\t\t\t\tEmail\t\t\t\t\t\t\t<\/label>\n\t\t\t\t\t\t\t\t\t\t\t\t\t\t<input size=\"1\" type=\"email\" name=\"form_fields[email]\" id=\"form-field-email\" class=\"elementor-field elementor-size-sm  elementor-field-textual\" required=\"required\" aria-required=\"true\">\n\t\t\t\t\t\t\t\t\t\t\t<\/div>\n\t\t\t\t\t\t\t\t<div class=\"elementor-field-type-tel elementor-field-group elementor-column elementor-field-group-telefono elementor-col-50 elementor-field-required elementor-mark-required\">\n\t\t\t\t\t\t\t\t\t\t\t\t<label for=\"form-field-telefono\" class=\"elementor-field-label\">\n\t\t\t\t\t\t\t\ttelefon\t\t\t\t\t\t\t<\/label>\n\t\t\t\t\t\t\t\t<input size=\"1\" type=\"tel\" name=\"form_fields[telefono]\" id=\"form-field-telefono\" class=\"elementor-field elementor-size-sm  elementor-field-textual\" required=\"required\" aria-required=\"true\" pattern=\"[0-9()#&amp;+*-=.]+\" title=\"Akceptowane s\u0105 jedynie cyfry i znaki telefoniczne (#,-,*).\">\n\n\t\t\t\t\t\t<\/div>\n\t\t\t\t\t\t\t\t<div class=\"elementor-field-type-text elementor-field-group elementor-column elementor-field-group-paese elementor-col-50 elementor-field-required elementor-mark-required\">\n\t\t\t\t\t\t\t\t\t\t\t\t<label for=\"form-field-paese\" class=\"elementor-field-label\">\n\t\t\t\t\t\t\t\tkraj\t\t\t\t\t\t\t<\/label>\n\t\t\t\t\t\t\t\t\t\t\t\t\t\t<input size=\"1\" type=\"text\" name=\"form_fields[paese]\" id=\"form-field-paese\" class=\"elementor-field elementor-size-sm  elementor-field-textual\" required=\"required\" aria-required=\"true\">\n\t\t\t\t\t\t\t\t\t\t\t<\/div>\n\t\t\t\t\t\t\t\t<div class=\"elementor-field-type-upload elementor-field-group elementor-column elementor-field-group-cv elementor-col-50 elementor-field-required elementor-mark-required\">\n\t\t\t\t\t\t\t\t\t\t\t\t<label for=\"form-field-cv\" class=\"elementor-field-label\">\n\t\t\t\t\t\t\t\tZa\u0142\u0105cz swoje CV (pdf max 5mb)\t\t\t\t\t\t\t<\/label>\n\t\t\t\t\t\t\t\t<input type=\"file\" name=\"form_fields[cv]\" id=\"form-field-cv\" class=\"elementor-field elementor-size-sm  elementor-upload-field\" required=\"required\" aria-required=\"true\" data-maxsize=\"5\" data-maxsize-message=\"Rozmiar pliku przekracza dozwolony rozmiar.\">\n\n\t\t\t\t\t\t<\/div>\n\t\t\t\t\t\t\t\t<div class=\"elementor-field-type-html elementor-field-group elementor-column elementor-field-group-field_8 elementor-col-100\">\n\t\t\t\t\t<section style=\"border:1px solid #000000;padding:10px; overflow-y: scroll; overflow-x: hidden; height:50px; margin-top:10px;font-size:11px;\">\n\n<p>\n  <strong>\n    Informacje ex art. 13 rozporz\u0105dzenia UE nr. 679\/2016\n  <\/strong>\n<\/p>\n\n\n<p style=\"font-weight:normal;\">\n  Informacje te maj\u0105 na celu dostarczenie u\u017cytkownikowi informacji zwi\u0105zanych z przetwarzaniem danych podanych w celu korzystania z formularza \u201ekontakty\u201d strony internetowej dialisiragusa.it zgodnie z art. 13 rozporz\u0105dzenia europejskiego n. 679\/2016.\n<\/p>\n\n<p>\n  <strong>1. Administrator danych<\/strong>\n<\/p>\n<p style=\"font-weight:normal;\">\n  Administratorem danych jest Iblea Medica s.r.l. z siedzib\u0105 przy Via Beato Angelico 16 - 97100 Ragusa, mail info@dialisiragusa.it, P.I. 00808920888\n<p>\n<p>\n  Administratorem danych jest Iblea Medica s.r.l. z siedzib\u0105 przy Via Beato Angelico 16 - 97100 Ragusa, mail info@dialisiragusa.it, P.I. 00808920888\n<\/p>\n\n<p><strong>2. Cel przetwarzania danych<\/strong><\/p>\n\n<p style=\"font-weight:normal;\">\n  Dane osobowe gromadzone przez w\u0142a\u015bciciela administratora danych maj\u0105 na celu udzielenie u\u017cytkownikowi odpowiedzi na zapytanie przes\u0142ane za po\u015brednictwem formularza \u201ekontakty\u201d, dost\u0119pnego na stronie internetowej dialisiragusa.it.\n<\/p>\n\n<p><strong>3. Podstawa prawna przetwarzania<\/strong><\/p>\n<p style=\"font-weight:normal;\">\nPrzetwarzanie danych osobowych u\u017cytkownika odbywa si\u0119 zgodnie z prawem, je\u017celi: <br \/>\n- Przetwarzane dane osobowe u\u017cytkownik\u00f3w musz\u0105 by\u0107 zgodne z prawem, nale\u017cy:\n<\/p>\n\n<p><strong>4. Zatrzymywanie danych<\/strong><\/p>\n<p style=\"font-weight:normal;\">\nTwoje dane osobowe, przetwarzane w celach wskazanych powy\u017cej, b\u0119d\u0105 przechowywane przez trzy miesi\u0105ce od przetworzenia \u017c\u0105dania informacji, przes\u0142anego przez u\u017cytkownika za po\u015brednictwem formularza \u201ekontakty\u201d.\n<\/p>\n\n<p><strong>5. Ujawnienie danych<\/strong><\/p>\n<p style=\"font-weight:normal;\">\nZebrane dane nie b\u0119d\u0105 przekazywane stronom trzecim.\n<\/p>\n\n<p><strong>6. Prawa zainteresowanej strony<\/strong><\/p>>\n<p style=\"font-weight:normal;\">\n  W\u015br\u00f3d praw uznanych przez zainteresowane strony rozporz\u0105dzeniem UE nr. 679\/2016 obejmuj\u0105:<br \/>\n  - \u017c\u0105da\u0107 dost\u0119pu do zebranych danych osobowych i powi\u0105zanych informacji;<br \/>\n  - za\u017c\u0105da\u0107 korekty nieprawid\u0142owych danych lub integracji niekompletnych danych;<br \/>\n  - za\u017c\u0105da\u0107 usuni\u0119cia twoich danych osobowych w przypadkach przewidzianych w art. 17 ust. 1 rozporz\u0105dzenia UE nr 679\/2016;<br \/>\n  - poprosi\u0107 o ograniczenie przetwarzania danych u\u017cytkownika w przypadkach przewidzianych w art. 18 ust. 1 rozporz\u0105dzenia UE nr. 679\/2016;<br \/>\n  - \u017c\u0105da\u0107 i uzyska\u0107, aby dane osobowe u\u017cytkownika przetwarzane automatycznie i pozyskane za zgod\u0105 zainteresowanej strony lub na podstawie umowy zawartej z zainteresowan\u0105 stron\u0105 by\u0142y przekazywane tej ostatniej w uporz\u0105dkowanym i czytelnym formacie za pomoc\u0105 automatycznego urz\u0105dzenia, r\u00f3wnie\u017c w celu przekazania takich danych innemu administratorowi danych (prawo do przenoszenia danych);<br \/>\n  - w dowolnym momencie sprzeciwi\u0107 si\u0119 przetwarzaniu twoich danych osobowych w przypadkach przewidzianych w art. sztuka. 21 rozporz\u0105dzenia UE nr. 679\/2016. <br \/>\n  - wycofa\u0107 zgod\u0119 w dowolnym momencie, ale tylko w przypadku, gdy przetwarzanie odbywa si\u0119 na podstawie zgody na co najmniej jeden cel i dotyczy wsp\u00f3lnych danych osobowych (takich jak data i miejsce urodzenia lub miejsce zamieszkania) lub okre\u015blonych kategorii danych (takich jak pochodzenie rasowe, pogl\u0105dy polityczne, przekonania religijne, zdrowie lub \u017cycie seksualne);<br \/>\n  - wnie\u015b\u0107 skarg\u0119 do organu nadzorczego, a do W\u0142och do organu gwarantuj\u0105cego w celu ochrony danych osobowych (www.garanteprivacy.it).\n\n<\/p>\n\n<p><strong>7. Metody przetwarzania<\/strong><\/p>>\n<p style=\"font-weight:normal;\">\n  Leczenie odbywa si\u0119 za pomoc\u0105 narz\u0119dzi elektronicznych) przez czas \u015bci\u015ble niezb\u0119dny do osi\u0105gni\u0119cia cel\u00f3w, dla kt\u00f3rych dane zosta\u0142y zgromadzone, a w ka\u017cdym razie zgodnie z obowi\u0105zuj\u0105cymi przepisami regulacyjnymi w tym zakresie.\n<\/p>\n\n<p><strong>8. Konsekwencje braku przekazania danych osobowych <\/strong><\/p>\n<p style=\"font-weight:normal;\">\n  Niepodanie wymaganych danych w formularzu kontaktowym uniemo\u017cliwia przes\u0142anie pro\u015bby o kontakt, a tym samym otrzymanie odpowiedzi.\n<\/p>\n<\/section>\n\t\t\t\t<\/div>\n\t\t\t\t\t\t\t\t<div class=\"elementor-field-type-acceptance elementor-field-group elementor-column elementor-field-group-field_9 elementor-col-100 elementor-field-required elementor-mark-required\">\n\t\t\t\t\t\t\t<div class=\"elementor-field-subgroup\">\n\t\t\t<span class=\"elementor-field-option\">\n\t\t\t\t<input type=\"checkbox\" name=\"form_fields[field_9]\" id=\"form-field-field_9\" class=\"elementor-field elementor-size-sm  elementor-acceptance-field\" required=\"required\" aria-required=\"true\">\n\t\t\t\t<label for=\"form-field-field_9\">O\u015bwiadczam, \u017ce zapozna\u0142em si\u0119 z Polityk\u0105 prywatno\u015bci i wyra\u017cam zgod\u0119 na przetwarzanie moich danych osobowych w celu otrzymania wymaganych informacji<\/label>\t\t\t<\/span>\n\t\t<\/div>\n\t\t\t\t\t\t<\/div>\n\t\t\t\t\t\t\t\t<div class=\"elementor-field-group elementor-column elementor-field-type-submit elementor-col-100 e-form__buttons\">\n\t\t\t\t\t<button type=\"submit\" class=\"elementor-button elementor-size-md\">\n\t\t\t\t\t\t<span >\n\t\t\t\t\t\t\t\t\t\t\t\t\t\t\t<span class=\"elementor-button-icon\">\n\t\t\t\t\t\t\t\t\t\t\t\t\t\t\t\t\t\t\t\t\t\t\t\t\t\t<\/span>\n\t\t\t\t\t\t\t\t\t\t\t\t\t\t\t\t\t\t\t\t\t\t<span class=\"elementor-button-text\">INVIA LA CANDIDATURA<\/span>\n\t\t\t\t\t\t\t\t\t\t\t\t\t<\/span>\n\t\t\t\t\t<\/button>\n\t\t\t\t<\/div>\n\t\t\t<\/div>\n\t\t<input type=\"hidden\" name=\"trp-form-language\" value=\"pl\"\/><\/form>\n\t\t\t\t<\/div>\n\t\t\t\t<\/div>\n\t\t\t\t\t\t<\/div>\n\t\t\t\t\t<\/div>\n\t\t<\/div>\n\t\t\t\t\t\t\t\t<\/div>\n\t\t\t\t\t<\/div>\n\t\t<\/section>\n\t\t\t\t\t\t<\/div>\n\t\t\t\t\t\t<\/div>\n\t\t\t\t\t<\/div>","protected":false},"excerpt":{"rendered":"<p>Lavora con noi Siamo alla ricerca di collaboratori madrelingua per la promozione dei nostri servizi. Non \u00e8 richiesta la presenza in loco e potrai lavorare comodamente da casa tua. Compila il modulo e verrai ricontattato dal nostro staff.<\/p>","protected":false},"author":1,"featured_media":0,"parent":0,"menu_order":0,"comment_status":"closed","ping_status":"closed","template":"elementor_header_footer","meta":{"_mi_skip_tracking":false},"yoast_head":"<!-- This site is optimized with the Yoast SEO plugin v17.7 - https:\/\/yoast.com\/wordpress\/plugins\/seo\/ -->\n<title>Dialisi Ragusa | Vuoi venire a lavorare insieme a noi?<\/title>\n<meta name=\"description\" content=\"Siamo alla ricerca di collaboratori madrelingua. Non \u00e8 richiesta la presenza in loco e potrai lavorare comodamente da casa tua.\" \/>\n<meta name=\"robots\" content=\"index, follow, max-snippet:-1, max-image-preview:large, max-video-preview:-1\" \/>\n<link rel=\"canonical\" href=\"https:\/\/dialisiragusa.it\/pl\/roboty-z-nami\/\" \/>\n<meta property=\"og:locale\" content=\"pl_PL\" \/>\n<meta property=\"og:type\" content=\"article\" \/>\n<meta property=\"og:title\" content=\"Dialisi Ragusa | Vuoi venire a lavorare insieme a noi?\" \/>\n<meta property=\"og:description\" content=\"Siamo alla ricerca di collaboratori madrelingua. Non \u00e8 richiesta la presenza in loco e potrai lavorare comodamente da casa tua.\" \/>\n<meta property=\"og:url\" content=\"https:\/\/dialisiragusa.it\/pl\/roboty-z-nami\/\" \/>\n<meta property=\"og:site_name\" content=\"Dialisi Ragusa\" \/>\n<meta property=\"article:modified_time\" content=\"2020-03-05T11:51:22+00:00\" \/>\n<meta property=\"og:image\" content=\"https:\/\/dialisiragusa.it\/wp-content\/uploads\/2019\/05\/preview-dialisi.png\" \/>\n\t<meta property=\"og:image:width\" content=\"1042\" \/>\n\t<meta property=\"og:image:height\" content=\"500\" \/>\n<meta name=\"twitter:card\" content=\"summary_large_image\" \/>\n<script type=\"application\/ld+json\" class=\"yoast-schema-graph\">{\"@context\":\"https:\/\/schema.org\",\"@graph\":[{\"@type\":\"Organization\",\"@id\":\"https:\/\/dialisiragusa.it\/#organization\",\"name\":\"Dialisi Ragusa\",\"url\":\"https:\/\/dialisiragusa.it\/\",\"sameAs\":[],\"logo\":{\"@type\":\"ImageObject\",\"@id\":\"https:\/\/dialisiragusa.it\/#logo\",\"inLanguage\":\"pl-PL\",\"url\":\"https:\/\/dialisiragusa.it\/wp-content\/uploads\/2019\/05\/Dialisi-Ragusa-vacanze-per-pazienti-emodializzati.png\",\"contentUrl\":\"https:\/\/dialisiragusa.it\/wp-content\/uploads\/2019\/05\/Dialisi-Ragusa-vacanze-per-pazienti-emodializzati.png\",\"width\":400,\"height\":71,\"caption\":\"Dialisi Ragusa\"},\"image\":{\"@id\":\"https:\/\/dialisiragusa.it\/#logo\"}},{\"@type\":\"WebSite\",\"@id\":\"https:\/\/dialisiragusa.it\/#website\",\"url\":\"https:\/\/dialisiragusa.it\/\",\"name\":\"Dialisi Ragusa\",\"description\":\"Vacanze per emodializzati\",\"publisher\":{\"@id\":\"https:\/\/dialisiragusa.it\/#organization\"},\"potentialAction\":[{\"@type\":\"SearchAction\",\"target\":{\"@type\":\"EntryPoint\",\"urlTemplate\":\"https:\/\/dialisiragusa.it\/?s={search_term_string}\"},\"query-input\":\"required name=search_term_string\"}],\"inLanguage\":\"pl-PL\"},{\"@type\":\"WebPage\",\"@id\":\"https:\/\/dialisiragusa.it\/lavora-con-noi\/#webpage\",\"url\":\"https:\/\/dialisiragusa.it\/lavora-con-noi\/\",\"name\":\"Dialisi Ragusa | Vuoi venire a lavorare insieme a noi?\",\"isPartOf\":{\"@id\":\"https:\/\/dialisiragusa.it\/#website\"},\"datePublished\":\"2019-09-26T14:45:15+00:00\",\"dateModified\":\"2020-03-05T11:51:22+00:00\",\"description\":\"Siamo alla ricerca di collaboratori madrelingua. Non \\u00e8 richiesta la presenza in loco e potrai lavorare comodamente da casa tua.\",\"breadcrumb\":{\"@id\":\"https:\/\/dialisiragusa.it\/lavora-con-noi\/#breadcrumb\"},\"inLanguage\":\"pl-PL\",\"potentialAction\":[{\"@type\":\"ReadAction\",\"target\":[\"https:\/\/dialisiragusa.it\/lavora-con-noi\/\"]}]},{\"@type\":\"BreadcrumbList\",\"@id\":\"https:\/\/dialisiragusa.it\/lavora-con-noi\/#breadcrumb\",\"itemListElement\":[{\"@type\":\"ListItem\",\"position\":1,\"name\":\"Home\",\"item\":\"https:\/\/dialisiragusa.it\/\"},{\"@type\":\"ListItem\",\"position\":2,\"name\":\"LAVORA CON NOI\"}]}]}<\/script>\n<!-- \/ Yoast SEO plugin. -->","yoast_head_json":{"title":"Dialisi Ragusa | Vuoi venire a lavorare insieme a noi?","description":"Siamo alla ricerca di collaboratori madrelingua. Non \u00e8 richiesta la presenza in loco e potrai lavorare comodamente da casa tua.","robots":{"index":"index","follow":"follow","max-snippet":"max-snippet:-1","max-image-preview":"max-image-preview:large","max-video-preview":"max-video-preview:-1"},"canonical":"https:\/\/dialisiragusa.it\/pl\/roboty-z-nami\/","og_locale":"pl_PL","og_type":"article","og_title":"Dialisi Ragusa | Vuoi venire a lavorare insieme a noi?","og_description":"Siamo alla ricerca di collaboratori madrelingua. Non \u00e8 richiesta la presenza in loco e potrai lavorare comodamente da casa tua.","og_url":"https:\/\/dialisiragusa.it\/pl\/roboty-z-nami\/","og_site_name":"Dialisi Ragusa","article_modified_time":"2020-03-05T11:51:22+00:00","og_image":[{"width":1042,"height":500,"url":"https:\/\/dialisiragusa.it\/wp-content\/uploads\/2019\/05\/preview-dialisi.png","type":"image\/png"}],"twitter_card":"summary_large_image","schema":{"@context":"https:\/\/schema.org","@graph":[{"@type":"Organization","@id":"https:\/\/dialisiragusa.it\/#organization","name":"Dialisi Ragusa","url":"https:\/\/dialisiragusa.it\/","sameAs":[],"logo":{"@type":"ImageObject","@id":"https:\/\/dialisiragusa.it\/#logo","inLanguage":"pl-PL","url":"https:\/\/dialisiragusa.it\/wp-content\/uploads\/2019\/05\/Dialisi-Ragusa-vacanze-per-pazienti-emodializzati.png","contentUrl":"https:\/\/dialisiragusa.it\/wp-content\/uploads\/2019\/05\/Dialisi-Ragusa-vacanze-per-pazienti-emodializzati.png","width":400,"height":71,"caption":"Dialisi Ragusa"},"image":{"@id":"https:\/\/dialisiragusa.it\/#logo"}},{"@type":"WebSite","@id":"https:\/\/dialisiragusa.it\/#website","url":"https:\/\/dialisiragusa.it\/","name":"Dialisi Ragusa","description":"Vacanze per emodializzati","publisher":{"@id":"https:\/\/dialisiragusa.it\/#organization"},"potentialAction":[{"@type":"SearchAction","target":{"@type":"EntryPoint","urlTemplate":"https:\/\/dialisiragusa.it\/?s={search_term_string}"},"query-input":"required name=search_term_string"}],"inLanguage":"pl-PL"},{"@type":"WebPage","@id":"https:\/\/dialisiragusa.it\/lavora-con-noi\/#webpage","url":"https:\/\/dialisiragusa.it\/lavora-con-noi\/","name":"Dialisi Ragusa | Vuoi venire a lavorare insieme a noi?","isPartOf":{"@id":"https:\/\/dialisiragusa.it\/#website"},"datePublished":"2019-09-26T14:45:15+00:00","dateModified":"2020-03-05T11:51:22+00:00","description":"Siamo alla ricerca di collaboratori madrelingua. Non \u00e8 richiesta la presenza in loco e potrai lavorare comodamente da casa tua.","breadcrumb":{"@id":"https:\/\/dialisiragusa.it\/lavora-con-noi\/#breadcrumb"},"inLanguage":"pl-PL","potentialAction":[{"@type":"ReadAction","target":["https:\/\/dialisiragusa.it\/lavora-con-noi\/"]}]},{"@type":"BreadcrumbList","@id":"https:\/\/dialisiragusa.it\/lavora-con-noi\/#breadcrumb","itemListElement":[{"@type":"ListItem","position":1,"name":"Home","item":"https:\/\/dialisiragusa.it\/"},{"@type":"ListItem","position":2,"name":"LAVORA CON NOI"}]}]}},"_links":{"self":[{"href":"https:\/\/dialisiragusa.it\/pl\/wp-json\/wp\/v2\/pages\/793"}],"collection":[{"href":"https:\/\/dialisiragusa.it\/pl\/wp-json\/wp\/v2\/pages"}],"about":[{"href":"https:\/\/dialisiragusa.it\/pl\/wp-json\/wp\/v2\/types\/page"}],"author":[{"embeddable":true,"href":"https:\/\/dialisiragusa.it\/pl\/wp-json\/wp\/v2\/users\/1"}],"replies":[{"embeddable":true,"href":"https:\/\/dialisiragusa.it\/pl\/wp-json\/wp\/v2\/comments?post=793"}],"version-history":[{"count":10,"href":"https:\/\/dialisiragusa.it\/pl\/wp-json\/wp\/v2\/pages\/793\/revisions"}],"predecessor-version":[{"id":1565,"href":"https:\/\/dialisiragusa.it\/pl\/wp-json\/wp\/v2\/pages\/793\/revisions\/1565"}],"wp:attachment":[{"href":"https:\/\/dialisiragusa.it\/pl\/wp-json\/wp\/v2\/media?parent=793"}],"curies":[{"name":"wp","href":"https:\/\/api.w.org\/{rel}","templated":true}]}}