{"id":793,"date":"2019-09-26T16:45:15","date_gmt":"2019-09-26T14:45:15","guid":{"rendered":"https:\/\/dialisiragusa.it\/?page_id=793"},"modified":"2020-03-05T12:51:22","modified_gmt":"2020-03-05T11:51:22","slug":"lavora-con-noi","status":"publish","type":"page","link":"https:\/\/dialisiragusa.it\/fr\/travaillez-avec-nous\/","title":{"rendered":"TRAVAILLEZ AVEC NOUS"},"content":{"rendered":"<div data-elementor-type=\"wp-page\" data-elementor-id=\"793\" class=\"elementor elementor-793\" data-elementor-settings=\"[]\">\n\t\t\t\t\t\t<div class=\"elementor-inner\">\n\t\t\t\t\t\t\t<div class=\"elementor-section-wrap\">\n\t\t\t\t\t\t\t<section class=\"elementor-section elementor-top-section elementor-element elementor-element-9fefb52 elementor-section-boxed elementor-section-height-default elementor-section-height-default\" data-id=\"9fefb52\" data-element_type=\"section\">\n\t\t\t\t\t\t<div class=\"elementor-container elementor-column-gap-default\">\n\t\t\t\t\t\t\t<div class=\"elementor-row\">\n\t\t\t\t\t<div class=\"aux-parallax-section elementor-column elementor-col-100 elementor-top-column elementor-element elementor-element-806da11\" data-id=\"806da11\" data-element_type=\"column\">\n\t\t\t<div class=\"elementor-column-wrap elementor-element-populated\">\n\t\t\t\t\t\t\t<div class=\"elementor-widget-wrap\">\n\t\t\t\t\t\t<div class=\"elementor-element elementor-element-8ccc3cc aux-appear-watch-animation aux-fade-in-up elementor-widget elementor-widget-aux_modern_heading\" data-id=\"8ccc3cc\" data-element_type=\"widget\" data-widget_type=\"aux_modern_heading.default\">\n\t\t\t\t<div class=\"elementor-widget-container\">\n\t\t\t<section class=\"aux-widget-modern-heading\">\n            <div class=\"aux-widget-inner\"><h1 class=\"aux-modern-heading-primary\">Travaillez avec nous<\/h1><div class=\"aux-modern-heading-divider\"><\/div><div class=\"aux-modern-heading-description\"><p>Si vous souhaitez collaborer avec notre projet, remplissez les champs ci-dessous et nous vous contacterons dans les meilleurs d\u00e9lais. <br \/>La pr\u00e9sence locale n'est pas requise et vous pouvez travailler dans le confort de votre foyer.<br \/>Remplissez le formulaire et vous serez contact\u00e9 par notre personnel.<\/p><\/div><\/div>\n        <\/section>\t\t<\/div>\n\t\t\t\t<\/div>\n\t\t\t\t<div class=\"elementor-element elementor-element-4573322 elementor-button-align-stretch elementor-widget elementor-widget-form\" data-id=\"4573322\" data-element_type=\"widget\" data-settings=\"{&quot;button_width&quot;:&quot;100&quot;,&quot;step_next_label&quot;:&quot;Suivant&quot;,&quot;step_previous_label&quot;:&quot;Pr\\u00e9c\\u00e9dent&quot;,&quot;step_type&quot;:&quot;number_text&quot;,&quot;step_icon_shape&quot;:&quot;circle&quot;}\" data-widget_type=\"form.default\">\n\t\t\t\t<div class=\"elementor-widget-container\">\n\t\t\t\t\t<form class=\"elementor-form\" method=\"post\" name=\"New Form\" action=\"\">\n\t\t\t<input type=\"hidden\" name=\"post_id\" value=\"793\"\/>\n\t\t\t<input type=\"hidden\" name=\"form_id\" value=\"4573322\"\/>\n\t\t\t<input type=\"hidden\" name=\"referer_title\" value=\"Dialisi Ragusa\" \/>\n\n\t\t\t\n\t\t\t<div class=\"elementor-form-fields-wrapper elementor-labels-above\">\n\t\t\t\t\t\t\t\t<div class=\"elementor-field-type-text elementor-field-group elementor-column elementor-field-group-nome elementor-col-50 elementor-field-required elementor-mark-required\">\n\t\t\t\t\t\t\t\t\t\t\t\t<label for=\"form-field-nome\" class=\"elementor-field-label\">\n\t\t\t\t\t\t\t\tNom\t\t\t\t\t\t\t<\/label>\n\t\t\t\t\t\t\t\t\t\t\t\t\t\t<input size=\"1\" type=\"text\" name=\"form_fields[nome]\" id=\"form-field-nome\" class=\"elementor-field elementor-size-sm  elementor-field-textual\" required=\"required\" aria-required=\"true\">\n\t\t\t\t\t\t\t\t\t\t\t<\/div>\n\t\t\t\t\t\t\t\t<div class=\"elementor-field-type-text elementor-field-group elementor-column elementor-field-group-cognome elementor-col-50 elementor-field-required elementor-mark-required\">\n\t\t\t\t\t\t\t\t\t\t\t\t<label for=\"form-field-cognome\" class=\"elementor-field-label\">\n\t\t\t\t\t\t\t\tNom de famille\t\t\t\t\t\t\t<\/label>\n\t\t\t\t\t\t\t\t\t\t\t\t\t\t<input size=\"1\" type=\"text\" name=\"form_fields[cognome]\" id=\"form-field-cognome\" class=\"elementor-field elementor-size-sm  elementor-field-textual\" required=\"required\" aria-required=\"true\">\n\t\t\t\t\t\t\t\t\t\t\t<\/div>\n\t\t\t\t\t\t\t\t<div class=\"elementor-field-type-email elementor-field-group elementor-column elementor-field-group-email elementor-col-50 elementor-field-required elementor-mark-required\">\n\t\t\t\t\t\t\t\t\t\t\t\t<label for=\"form-field-email\" class=\"elementor-field-label\">\n\t\t\t\t\t\t\t\tEmail\t\t\t\t\t\t\t<\/label>\n\t\t\t\t\t\t\t\t\t\t\t\t\t\t<input size=\"1\" type=\"email\" name=\"form_fields[email]\" id=\"form-field-email\" class=\"elementor-field elementor-size-sm  elementor-field-textual\" required=\"required\" aria-required=\"true\">\n\t\t\t\t\t\t\t\t\t\t\t<\/div>\n\t\t\t\t\t\t\t\t<div class=\"elementor-field-type-tel elementor-field-group elementor-column elementor-field-group-telefono elementor-col-50 elementor-field-required elementor-mark-required\">\n\t\t\t\t\t\t\t\t\t\t\t\t<label for=\"form-field-telefono\" class=\"elementor-field-label\">\n\t\t\t\t\t\t\t\tt\u00e9l\u00e9phone\t\t\t\t\t\t\t<\/label>\n\t\t\t\t\t\t\t\t<input size=\"1\" type=\"tel\" name=\"form_fields[telefono]\" id=\"form-field-telefono\" class=\"elementor-field elementor-size-sm  elementor-field-textual\" required=\"required\" aria-required=\"true\" pattern=\"[0-9()#&amp;+*-=.]+\" title=\"Seuls les caract\u00e8res de num\u00e9ros de t\u00e9l\u00e9phone (#, -, *, etc.) sont accept\u00e9s.\">\n\n\t\t\t\t\t\t<\/div>\n\t\t\t\t\t\t\t\t<div class=\"elementor-field-type-text elementor-field-group elementor-column elementor-field-group-paese elementor-col-50 elementor-field-required elementor-mark-required\">\n\t\t\t\t\t\t\t\t\t\t\t\t<label for=\"form-field-paese\" class=\"elementor-field-label\">\n\t\t\t\t\t\t\t\tPays\t\t\t\t\t\t\t<\/label>\n\t\t\t\t\t\t\t\t\t\t\t\t\t\t<input size=\"1\" type=\"text\" name=\"form_fields[paese]\" id=\"form-field-paese\" class=\"elementor-field elementor-size-sm  elementor-field-textual\" required=\"required\" aria-required=\"true\">\n\t\t\t\t\t\t\t\t\t\t\t<\/div>\n\t\t\t\t\t\t\t\t<div class=\"elementor-field-type-upload elementor-field-group elementor-column elementor-field-group-cv elementor-col-50 elementor-field-required elementor-mark-required\">\n\t\t\t\t\t\t\t\t\t\t\t\t<label for=\"form-field-cv\" class=\"elementor-field-label\">\n\t\t\t\t\t\t\t\tJoignez votre CV (pdf max 5mb)\t\t\t\t\t\t\t<\/label>\n\t\t\t\t\t\t\t\t<input type=\"file\" name=\"form_fields[cv]\" id=\"form-field-cv\" class=\"elementor-field elementor-size-sm  elementor-upload-field\" required=\"required\" aria-required=\"true\" data-maxsize=\"5\" data-maxsize-message=\"Ce fichier d\u00e9passe la taille maximale autoris\u00e9e.\">\n\n\t\t\t\t\t\t<\/div>\n\t\t\t\t\t\t\t\t<div class=\"elementor-field-type-html elementor-field-group elementor-column elementor-field-group-field_8 elementor-col-100\">\n\t\t\t\t\t<section style=\"border:1px solid #000000;padding:10px; overflow-y: scroll; overflow-x: hidden; height:50px; margin-top:10px;font-size:11px;\">\n\n<p>\n  <strong>\n    Informations au sens de l'art. 13 du r\u00e8glement de l'UE n. 679\/2016\n  <\/strong>\n<\/p>\n\n\n<p style=\"font-weight:normal;\">\n  Cette information a les Finalit\u00e9 \u00e0 fournir \u00e0 l'utilisateur des informations sur le traitement des donn\u00e9es fournies en utilisant le formulaire \u00ab contact \u00bb du site dans\u00a0dialisiragusa.it\u00a0de conformit\u00e9 \u00e0 tout art. 13 du r\u00e8glement europ\u00e9en n. 679\/2016.\n<\/p>\n\n<p>\n  <strong>1. Contr\u00f4leur de donn\u00e9es<\/strong>\n<\/p>\n<p style=\"font-weight:normal;\">\n  Le responsable du traitement est Iblea Medica srl, dont le si\u00e8ge social est situ\u00e9 Via Beato Angelico 16 - 97100 Ragusa, mail\u00a0info@dialisiragusa.it, PI 00808920888.\n<p>\n<p>\n  Le responsable du traitement n'a pas nomm\u00e9 de responsable de la protection des donn\u00e9es \u00e0 caract\u00e8re personnel (RPD ou DPD).\n<\/p>\n\n<p><strong>2. Finalit\u00e9 de traitement de donn\u00e9es<\/strong><\/p>\n\n<p style=\"font-weight:normal;\">\n  Les donn\u00e9es \u00e0 caract\u00e8re personnel collect\u00e9es par le propri\u00e9taire du responsable du traitement visent \u00e0 fournir \u00e0 l'utilisateur une r\u00e9ponse \u00e0 la demande transmise via le formulaire \" Contacts \" , pr\u00e9sent sur le site\u00a0dialisiragusa.it\n<\/p>\n\n<p><strong>3. Base l\u00e9gale du traitement<\/strong><\/p>\n<p style=\"font-weight:normal;\">\nLe traitement des donn\u00e9es personnelles de l' utilisateur a lieu l\u00e9galement dans les cas suivants: <br \/>\n- il est bas\u00e9 sur le consentement de l'int\u00e9ress\u00e9.\n<\/p>\n\n<p><strong>4. conservation des donn\u00e9es<\/strong><\/p>\n<p style=\"font-weight:normal;\">\nVos donn\u00e9es personnelles, l'objet de traitement aux objectifs \u00cb utilisation doit \u00eatre maintenue pendant trois mois \u00e0 compter de l'\u00e9vasion de la demande d'information, soumis par les utilisateurs via le formulaire \u00ab contacts \u00bb .\n<\/p>\n\n<p><strong>5. Communication de donn\u00e9es<\/strong><\/p>\n<p style=\"font-weight:normal;\">\nLes donn\u00e9es collect\u00e9es ne seront pas communiqu\u00e9es \u00e0 des tiers.\n<\/p>\n\n<p><strong>6. Droits de l' int\u00e9ress\u00e9<\/strong><\/p>>\n<p style=\"font-weight:normal;\">\n  Parmi les droits reconnus aux int\u00e9ress\u00e9s par le r\u00e8glement de l'UE n. 679\/2016 comprennent ceux de:<br \/>\n  - demander ' acc\u00e8s aux donn\u00e9es personnelles recueillies et les informations qu'il contient ;<br \/>\n  - demander la correction de donn\u00e9es inexactes ou l' int\u00e9gration de donn\u00e9es incompl\u00e8tes;<br \/>\n  - demander la suppression de leurs donn\u00e9es personnelles dans les cas pr\u00e9vus par \u00ab l' art. 17, paragraphe 1 du r\u00e8glement de l'UE no. 679\/2016;<br \/>\n  - demand\u00e9 la restriction des donn\u00e9es \u00ab utilisateur dans les cas pr\u00e9vus tout \u00bb art. 18, paragraphe 1 du r\u00e8glement de l'UE no. 679\/2016;<br \/>\n  - demander et d' obtenir les donn\u00e9es personnelles de \u00ab utilisateur trait\u00e9es automatiquement et acquis avec le consentement ou sur la base d'un contrat avec la personne concern\u00e9e sont fournis dans ce \u00bb dernier dans un format structur\u00e9 et lisible par un dispositif automatique, \u00e9galement afin de communiquer ces donn\u00e9es \u00e0 un autre dispositif de commande de donn\u00e9es (le droit \u00e0 la portabilit\u00e9 \u00e0 des donn\u00e9es);<br \/>\n  - objet \u00e0 tout moment au traitement des donn\u00e9es personnelles dans les cas pr\u00e9vus par \u00ab l' art. art. 21 du r\u00e8glement de l'UE n. 679\/2016. <br \/>\n  - \u00e0 tout moment r\u00e9voquer le consentement, mais seulement dans \u00ab les cas dont le traitement repose sur le consentement pour une ou plusieurs \u00d9 Finalit \u00e0 et qui concerne les donn\u00e9es personnelles communes (comme la date et le lieu de naissance ou le lieu de r\u00e9sidence) ou des cat\u00e9gories particuli\u00e8res de donn\u00e9es (telles que l'origine raciale, les opinions politiques, les convictions religieuses, l'\u00e9tat de sant\u00e9 ou la vie sexuelle);<br \/>\n  - d\u00e9poser une plainte \u00e0 une \u00ab autorit\u00e9 \u00e0 contr\u00f4le et pour le \u00bb italien ' Autorit\u00e9 un garant de la protection des donn\u00e9es \u00e0 caract\u00e8re personnel (www.garanteprivacy.it).\n\n<\/p>\n\n<p><strong>7. Mode \u00e0 traitement<\/strong><\/p>>\n<p style=\"font-weight:normal;\">\n  Le traitement se fait par voie \u00e9lectronique), pour le temps strictement n\u00e9cessaire pour atteindre les fins pour lesquelles les donn\u00e9es ont \u00e9t\u00e9 collect\u00e9es, mais, conform\u00e9ment \u00e0 la r\u00e9glementation en vigueur en la mati\u00e8re.\n<\/p>\n\n<p><strong>8. Cons\u00e9quences de la non-communication de donn\u00e9es personnelles <\/strong><\/p>\n<p style=\"font-weight:normal;\">\n  Le d\u00e9faut de fournir les donn\u00e9es demand\u00e9es dans le module de contact implique l'impossibilit\u00e9 \u00e0 de transmettre la demande de contact, puis de recevoir la r\u00e9ponse.\n<\/p>\n<\/section>\n\t\t\t\t<\/div>\n\t\t\t\t\t\t\t\t<div class=\"elementor-field-type-acceptance elementor-field-group elementor-column elementor-field-group-field_9 elementor-col-100 elementor-field-required elementor-mark-required\">\n\t\t\t\t\t\t\t<div class=\"elementor-field-subgroup\">\n\t\t\t<span class=\"elementor-field-option\">\n\t\t\t\t<input type=\"checkbox\" name=\"form_fields[field_9]\" id=\"form-field-field_9\" class=\"elementor-field elementor-size-sm  elementor-acceptance-field\" required=\"required\" aria-required=\"true\">\n\t\t\t\t<label for=\"form-field-field_9\">Je d\u00e9clare avoir pris connaissance de la politique de confidentialit\u00e9 et je consens au traitement de mes donn\u00e9es personnelles pour recevoir les informations demand\u00e9es.<\/label>\t\t\t<\/span>\n\t\t<\/div>\n\t\t\t\t\t\t<\/div>\n\t\t\t\t\t\t\t\t<div class=\"elementor-field-group elementor-column elementor-field-type-submit elementor-col-100 e-form__buttons\">\n\t\t\t\t\t<button type=\"submit\" class=\"elementor-button elementor-size-md\">\n\t\t\t\t\t\t<span >\n\t\t\t\t\t\t\t\t\t\t\t\t\t\t\t<span class=\"elementor-button-icon\">\n\t\t\t\t\t\t\t\t\t\t\t\t\t\t\t\t\t\t\t\t\t\t\t\t\t\t<\/span>\n\t\t\t\t\t\t\t\t\t\t\t\t\t\t\t\t\t\t\t\t\t\t<span class=\"elementor-button-text\">ENVOYER LA DEMANDE<\/span>\n\t\t\t\t\t\t\t\t\t\t\t\t\t<\/span>\n\t\t\t\t\t<\/button>\n\t\t\t\t<\/div>\n\t\t\t<\/div>\n\t\t<input type=\"hidden\" name=\"trp-form-language\" value=\"fr\"\/><\/form>\n\t\t\t\t<\/div>\n\t\t\t\t<\/div>\n\t\t\t\t\t\t<\/div>\n\t\t\t\t\t<\/div>\n\t\t<\/div>\n\t\t\t\t\t\t\t\t<\/div>\n\t\t\t\t\t<\/div>\n\t\t<\/section>\n\t\t\t\t\t\t<\/div>\n\t\t\t\t\t\t<\/div>\n\t\t\t\t\t<\/div>","protected":false},"excerpt":{"rendered":"<p>Lavora con noi Siamo alla ricerca di collaboratori madrelingua per la promozione dei nostri servizi. Non \u00e8 richiesta la presenza in loco e potrai lavorare comodamente da casa tua. Compila il modulo e verrai ricontattato dal nostro staff.<\/p>","protected":false},"author":1,"featured_media":0,"parent":0,"menu_order":0,"comment_status":"closed","ping_status":"closed","template":"elementor_header_footer","meta":{"_mi_skip_tracking":false},"yoast_head":"<!-- This site is optimized with the Yoast SEO plugin v17.7 - https:\/\/yoast.com\/wordpress\/plugins\/seo\/ -->\n<title>Dialisi Ragusa | Vuoi venire a lavorare insieme a noi?<\/title>\n<meta name=\"description\" content=\"Siamo alla ricerca di collaboratori madrelingua. Non \u00e8 richiesta la presenza in loco e potrai lavorare comodamente da casa tua.\" \/>\n<meta name=\"robots\" content=\"index, follow, max-snippet:-1, max-image-preview:large, max-video-preview:-1\" \/>\n<link rel=\"canonical\" href=\"https:\/\/dialisiragusa.it\/fr\/travaillez-avec-nous\/\" \/>\n<meta property=\"og:locale\" content=\"fr_FR\" \/>\n<meta property=\"og:type\" content=\"article\" \/>\n<meta property=\"og:title\" content=\"Dialisi Ragusa | Vuoi venire a lavorare insieme a noi?\" \/>\n<meta property=\"og:description\" content=\"Siamo alla ricerca di collaboratori madrelingua. Non \u00e8 richiesta la presenza in loco e potrai lavorare comodamente da casa tua.\" \/>\n<meta property=\"og:url\" content=\"https:\/\/dialisiragusa.it\/fr\/travaillez-avec-nous\/\" \/>\n<meta property=\"og:site_name\" content=\"Dialisi Ragusa\" \/>\n<meta property=\"article:modified_time\" content=\"2020-03-05T11:51:22+00:00\" \/>\n<meta property=\"og:image\" content=\"https:\/\/dialisiragusa.it\/wp-content\/uploads\/2019\/05\/preview-dialisi.png\" \/>\n\t<meta property=\"og:image:width\" content=\"1042\" \/>\n\t<meta property=\"og:image:height\" content=\"500\" \/>\n<meta name=\"twitter:card\" content=\"summary_large_image\" \/>\n<script type=\"application\/ld+json\" class=\"yoast-schema-graph\">{\"@context\":\"https:\/\/schema.org\",\"@graph\":[{\"@type\":\"Organization\",\"@id\":\"https:\/\/dialisiragusa.it\/#organization\",\"name\":\"Dialisi Ragusa\",\"url\":\"https:\/\/dialisiragusa.it\/\",\"sameAs\":[],\"logo\":{\"@type\":\"ImageObject\",\"@id\":\"https:\/\/dialisiragusa.it\/#logo\",\"inLanguage\":\"fr-FR\",\"url\":\"https:\/\/dialisiragusa.it\/wp-content\/uploads\/2019\/05\/Dialisi-Ragusa-vacanze-per-pazienti-emodializzati.png\",\"contentUrl\":\"https:\/\/dialisiragusa.it\/wp-content\/uploads\/2019\/05\/Dialisi-Ragusa-vacanze-per-pazienti-emodializzati.png\",\"width\":400,\"height\":71,\"caption\":\"Dialisi Ragusa\"},\"image\":{\"@id\":\"https:\/\/dialisiragusa.it\/#logo\"}},{\"@type\":\"WebSite\",\"@id\":\"https:\/\/dialisiragusa.it\/#website\",\"url\":\"https:\/\/dialisiragusa.it\/\",\"name\":\"Dialisi Ragusa\",\"description\":\"Vacanze per emodializzati\",\"publisher\":{\"@id\":\"https:\/\/dialisiragusa.it\/#organization\"},\"potentialAction\":[{\"@type\":\"SearchAction\",\"target\":{\"@type\":\"EntryPoint\",\"urlTemplate\":\"https:\/\/dialisiragusa.it\/?s={search_term_string}\"},\"query-input\":\"required name=search_term_string\"}],\"inLanguage\":\"fr-FR\"},{\"@type\":\"WebPage\",\"@id\":\"https:\/\/dialisiragusa.it\/lavora-con-noi\/#webpage\",\"url\":\"https:\/\/dialisiragusa.it\/lavora-con-noi\/\",\"name\":\"Dialisi Ragusa | Vuoi venire a lavorare insieme a noi?\",\"isPartOf\":{\"@id\":\"https:\/\/dialisiragusa.it\/#website\"},\"datePublished\":\"2019-09-26T14:45:15+00:00\",\"dateModified\":\"2020-03-05T11:51:22+00:00\",\"description\":\"Siamo alla ricerca di collaboratori madrelingua. Non \\u00e8 richiesta la presenza in loco e potrai lavorare comodamente da casa tua.\",\"breadcrumb\":{\"@id\":\"https:\/\/dialisiragusa.it\/lavora-con-noi\/#breadcrumb\"},\"inLanguage\":\"fr-FR\",\"potentialAction\":[{\"@type\":\"ReadAction\",\"target\":[\"https:\/\/dialisiragusa.it\/lavora-con-noi\/\"]}]},{\"@type\":\"BreadcrumbList\",\"@id\":\"https:\/\/dialisiragusa.it\/lavora-con-noi\/#breadcrumb\",\"itemListElement\":[{\"@type\":\"ListItem\",\"position\":1,\"name\":\"Home\",\"item\":\"https:\/\/dialisiragusa.it\/\"},{\"@type\":\"ListItem\",\"position\":2,\"name\":\"LAVORA CON NOI\"}]}]}<\/script>\n<!-- \/ Yoast SEO plugin. -->","yoast_head_json":{"title":"Dialisi Ragusa | Vuoi venire a lavorare insieme a noi?","description":"Siamo alla ricerca di collaboratori madrelingua. Non \u00e8 richiesta la presenza in loco e potrai lavorare comodamente da casa tua.","robots":{"index":"index","follow":"follow","max-snippet":"max-snippet:-1","max-image-preview":"max-image-preview:large","max-video-preview":"max-video-preview:-1"},"canonical":"https:\/\/dialisiragusa.it\/fr\/travaillez-avec-nous\/","og_locale":"fr_FR","og_type":"article","og_title":"Dialisi Ragusa | Vuoi venire a lavorare insieme a noi?","og_description":"Siamo alla ricerca di collaboratori madrelingua. Non \u00e8 richiesta la presenza in loco e potrai lavorare comodamente da casa tua.","og_url":"https:\/\/dialisiragusa.it\/fr\/travaillez-avec-nous\/","og_site_name":"Dialisi Ragusa","article_modified_time":"2020-03-05T11:51:22+00:00","og_image":[{"width":1042,"height":500,"url":"https:\/\/dialisiragusa.it\/wp-content\/uploads\/2019\/05\/preview-dialisi.png","type":"image\/png"}],"twitter_card":"summary_large_image","schema":{"@context":"https:\/\/schema.org","@graph":[{"@type":"Organization","@id":"https:\/\/dialisiragusa.it\/#organization","name":"Dialisi Ragusa","url":"https:\/\/dialisiragusa.it\/","sameAs":[],"logo":{"@type":"ImageObject","@id":"https:\/\/dialisiragusa.it\/#logo","inLanguage":"fr-FR","url":"https:\/\/dialisiragusa.it\/wp-content\/uploads\/2019\/05\/Dialisi-Ragusa-vacanze-per-pazienti-emodializzati.png","contentUrl":"https:\/\/dialisiragusa.it\/wp-content\/uploads\/2019\/05\/Dialisi-Ragusa-vacanze-per-pazienti-emodializzati.png","width":400,"height":71,"caption":"Dialisi Ragusa"},"image":{"@id":"https:\/\/dialisiragusa.it\/#logo"}},{"@type":"WebSite","@id":"https:\/\/dialisiragusa.it\/#website","url":"https:\/\/dialisiragusa.it\/","name":"Dialisi Ragusa","description":"Vacanze per emodializzati","publisher":{"@id":"https:\/\/dialisiragusa.it\/#organization"},"potentialAction":[{"@type":"SearchAction","target":{"@type":"EntryPoint","urlTemplate":"https:\/\/dialisiragusa.it\/?s={search_term_string}"},"query-input":"required name=search_term_string"}],"inLanguage":"fr-FR"},{"@type":"WebPage","@id":"https:\/\/dialisiragusa.it\/lavora-con-noi\/#webpage","url":"https:\/\/dialisiragusa.it\/lavora-con-noi\/","name":"Dialisi Ragusa | Vuoi venire a lavorare insieme a noi?","isPartOf":{"@id":"https:\/\/dialisiragusa.it\/#website"},"datePublished":"2019-09-26T14:45:15+00:00","dateModified":"2020-03-05T11:51:22+00:00","description":"Siamo alla ricerca di collaboratori madrelingua. Non \u00e8 richiesta la presenza in loco e potrai lavorare comodamente da casa tua.","breadcrumb":{"@id":"https:\/\/dialisiragusa.it\/lavora-con-noi\/#breadcrumb"},"inLanguage":"fr-FR","potentialAction":[{"@type":"ReadAction","target":["https:\/\/dialisiragusa.it\/lavora-con-noi\/"]}]},{"@type":"BreadcrumbList","@id":"https:\/\/dialisiragusa.it\/lavora-con-noi\/#breadcrumb","itemListElement":[{"@type":"ListItem","position":1,"name":"Home","item":"https:\/\/dialisiragusa.it\/"},{"@type":"ListItem","position":2,"name":"LAVORA CON NOI"}]}]}},"_links":{"self":[{"href":"https:\/\/dialisiragusa.it\/fr\/wp-json\/wp\/v2\/pages\/793"}],"collection":[{"href":"https:\/\/dialisiragusa.it\/fr\/wp-json\/wp\/v2\/pages"}],"about":[{"href":"https:\/\/dialisiragusa.it\/fr\/wp-json\/wp\/v2\/types\/page"}],"author":[{"embeddable":true,"href":"https:\/\/dialisiragusa.it\/fr\/wp-json\/wp\/v2\/users\/1"}],"replies":[{"embeddable":true,"href":"https:\/\/dialisiragusa.it\/fr\/wp-json\/wp\/v2\/comments?post=793"}],"version-history":[{"count":10,"href":"https:\/\/dialisiragusa.it\/fr\/wp-json\/wp\/v2\/pages\/793\/revisions"}],"predecessor-version":[{"id":1565,"href":"https:\/\/dialisiragusa.it\/fr\/wp-json\/wp\/v2\/pages\/793\/revisions\/1565"}],"wp:attachment":[{"href":"https:\/\/dialisiragusa.it\/fr\/wp-json\/wp\/v2\/media?parent=793"}],"curies":[{"name":"wp","href":"https:\/\/api.w.org\/{rel}","templated":true}]}}