{"id":798,"date":"2019-09-26T17:00:49","date_gmt":"2019-09-26T15:00:49","guid":{"rendered":"https:\/\/dialisiragusa.it\/?page_id=798"},"modified":"2020-03-05T12:48:22","modified_gmt":"2020-03-05T11:48:22","slug":"dicono-di-noi","status":"publish","type":"page","link":"https:\/\/dialisiragusa.it\/es\/dicen-de-nosotros\/","title":{"rendered":"DICEN DE NOSOTROS"},"content":{"rendered":"<div data-elementor-type=\"wp-page\" data-elementor-id=\"798\" class=\"elementor elementor-798\" data-elementor-settings=\"[]\">\n\t\t\t\t\t\t<div class=\"elementor-inner\">\n\t\t\t\t\t\t\t<div class=\"elementor-section-wrap\">\n\t\t\t\t\t\t\t<section class=\"elementor-section elementor-top-section elementor-element elementor-element-7ed1012 elementor-section-boxed elementor-section-height-default elementor-section-height-default\" data-id=\"7ed1012\" data-element_type=\"section\">\n\t\t\t\t\t\t<div class=\"elementor-container elementor-column-gap-default\">\n\t\t\t\t\t\t\t<div class=\"elementor-row\">\n\t\t\t\t\t<div class=\"aux-parallax-section elementor-column elementor-col-50 elementor-top-column elementor-element elementor-element-da5e197\" data-id=\"da5e197\" data-element_type=\"column\">\n\t\t\t<div class=\"elementor-column-wrap elementor-element-populated\">\n\t\t\t\t\t\t\t<div class=\"elementor-widget-wrap\">\n\t\t\t\t\t\t<div class=\"aux-parallax-piece elementor-element elementor-element-7c042db aux-appear-watch-animation aux-scale-down elementor-widget elementor-widget-aux_blockquote\" data-parallax-origin=\"middle\" data-parallax-depth=\"0.15\" data-parallax-off=\"1024\" data-id=\"7c042db\" data-element_type=\"widget\" data-widget_type=\"aux_blockquote.default\">\n\t\t\t\t<div class=\"elementor-widget-container\">\n\t\t\t<section class=\"widget-container aux-widget-quote aux-parent-au743de595\" style=\"\" ><blockquote class=\"aux-elem-quote aux-blockquote-normal aux-text-align-left\"><p>Hola, siento la necesidad de expresar con palabras simples pero sinceras un verdadero agradecimiento por la sensaci\u00f3n de bienestar que me gener\u00f3 la magn\u00edfica bienvenida que me dieron, y especialmente a mi esposa, por todo el equipo de Iblea Medica durante nuestra estad\u00eda en Ragusa. Estancia \/ vacaciones, por decir lo menos a pesar de la necesidad de que mi esposa realice sesiones de di\u00e1lisis en el centro tres veces por semana. Se deben reconocer los elogios particulares a los profesionales de la salud y a todo el personal. de asistencia, que mostr\u00f3 al mismo tiempo profesionalismo y grandes cualidades de la humanidad, pero la bienvenida y la ayuda mostradas por Alessio como jefe del servicio de di\u00e1lisis de vacaciones, \u00a1solo merece el viaje! \ud83d\udc4d\ud83d\udc4d Gracias a todos y ... \u00a1hasta pronto!\n<div class=\"aux-author\">Roberto e Maria<\/div><\/p><\/blockquote><\/section><!-- widget-container -->\t\t<\/div>\n\t\t\t\t<\/div>\n\t\t\t\t\t\t<\/div>\n\t\t\t\t\t<\/div>\n\t\t<\/div>\n\t\t\t\t<div class=\"aux-parallax-section elementor-column elementor-col-50 elementor-top-column elementor-element elementor-element-2dac80b\" data-id=\"2dac80b\" data-element_type=\"column\">\n\t\t\t<div class=\"elementor-column-wrap elementor-element-populated\">\n\t\t\t\t\t\t\t<div class=\"elementor-widget-wrap\">\n\t\t\t\t\t\t<div class=\"aux-parallax-piece elementor-element elementor-element-ab82aae aux-appear-watch-animation aux-scale-down elementor-widget elementor-widget-aux_blockquote\" data-parallax-origin=\"middle\" data-parallax-depth=\"0.15\" data-parallax-off=\"1024\" data-id=\"ab82aae\" data-element_type=\"widget\" data-widget_type=\"aux_blockquote.default\">\n\t\t\t\t<div class=\"elementor-widget-container\">\n\t\t\t<section class=\"widget-container aux-widget-quote aux-parent-aucb9d3aae\" style=\"\" ><blockquote class=\"aux-elem-quote aux-blockquote-normal aux-text-align-left\"><p>Eleg\u00ed esta estructura para mis vacaciones en Ragusa, el personal me brind\u00f3 un apoyo profesional v\u00e1lido y un excelente servicio de asistencia. \u00a1Era como estar en casa!\n<div class=\"aux-author\">Sergio Massaro<\/div><\/p><\/blockquote><\/section><!-- widget-container -->\t\t<\/div>\n\t\t\t\t<\/div>\n\t\t\t\t<div class=\"aux-parallax-piece elementor-element elementor-element-f8153f6 aux-appear-watch-animation aux-scale-down elementor-widget elementor-widget-aux_blockquote\" data-parallax-origin=\"middle\" data-parallax-depth=\"0.15\" data-parallax-off=\"1024\" data-id=\"f8153f6\" data-element_type=\"widget\" data-widget_type=\"aux_blockquote.default\">\n\t\t\t\t<div class=\"elementor-widget-container\">\n\t\t\t<section class=\"widget-container aux-widget-quote aux-parent-au1cc80852\" style=\"\" ><blockquote class=\"aux-elem-quote aux-blockquote-normal aux-text-align-left\"><p>Muchas gracias a Iblea Medica por organizar mis vacaciones de di\u00e1lisis. El personal es muy profesional y extremadamente amable. Mi especial agradecimiento a Alessio Scafidi por su ayuda y responsabilidad.\nMis mejores deseos para todos ustedes. Espero verte pronto.<br \/>Mis mejores deseos para todos ustedes. Espero verte pronto.\n<div class=\"aux-author\">Sondrita Mickute<\/div><\/p><\/blockquote><\/section><!-- widget-container -->\t\t<\/div>\n\t\t\t\t<\/div>\n\t\t\t\t\t\t<\/div>\n\t\t\t\t\t<\/div>\n\t\t<\/div>\n\t\t\t\t\t\t\t\t<\/div>\n\t\t\t\t\t<\/div>\n\t\t<\/section>\n\t\t\t\t\t\t<\/div>\n\t\t\t\t\t\t<\/div>\n\t\t\t\t\t<\/div>","protected":false},"excerpt":{"rendered":"<p>Buongiorno, sento la necessit\u00e0 di esprimere con semplici ma sincere parole un vero ringraziamento per la sensazione di benessere suscitata dalla magnifica accoglienza riservata a me e soprattutto a mia moglie da parte di tutto il team di Iblea Medica durante il nostro soggiorno a Ragusa . Soggiorno\/vacanza per meglio dire nonostante la necessit\u00e0 per [&hellip;]<\/p>","protected":false},"author":1,"featured_media":0,"parent":0,"menu_order":0,"comment_status":"closed","ping_status":"closed","template":"elementor_header_footer","meta":{"_mi_skip_tracking":false},"yoast_head":"<!-- This site is optimized with the Yoast SEO plugin v17.7 - https:\/\/yoast.com\/wordpress\/plugins\/seo\/ -->\n<title>Dialisi Ragusa | Scopri cosa dicono di noi i nostri clienti<\/title>\n<meta name=\"description\" content=\"Dialisi Ragusa nasce con l&#039;idea di offrire una vacanza a chi ha necessit\u00e0 di dialisi e stiamo gi\u00e0 riscuotendo molti apprezzamenti, leggi cosa dicono di noi\" \/>\n<meta name=\"robots\" content=\"index, follow, max-snippet:-1, max-image-preview:large, max-video-preview:-1\" \/>\n<link rel=\"canonical\" href=\"https:\/\/dialisiragusa.it\/es\/dicen-de-nosotros\/\" \/>\n<meta property=\"og:locale\" content=\"es_ES\" \/>\n<meta property=\"og:type\" content=\"article\" \/>\n<meta property=\"og:title\" content=\"Dialisi Ragusa | Scopri cosa dicono di noi i nostri clienti\" \/>\n<meta property=\"og:description\" content=\"Dialisi Ragusa nasce con l&#039;idea di offrire una vacanza a chi ha necessit\u00e0 di dialisi e stiamo gi\u00e0 riscuotendo molti apprezzamenti, leggi cosa dicono di noi\" \/>\n<meta property=\"og:url\" content=\"https:\/\/dialisiragusa.it\/es\/dicen-de-nosotros\/\" \/>\n<meta property=\"og:site_name\" content=\"Dialisi Ragusa\" \/>\n<meta property=\"article:modified_time\" content=\"2020-03-05T11:48:22+00:00\" \/>\n<meta property=\"og:image\" content=\"https:\/\/dialisiragusa.it\/wp-content\/uploads\/2019\/05\/preview-dialisi.png\" \/>\n\t<meta property=\"og:image:width\" content=\"1042\" \/>\n\t<meta property=\"og:image:height\" content=\"500\" \/>\n<meta name=\"twitter:card\" content=\"summary_large_image\" \/>\n<meta name=\"twitter:label1\" content=\"Tiempo de lectura\" \/>\n\t<meta name=\"twitter:data1\" content=\"1 minuto\" \/>\n<script type=\"application\/ld+json\" class=\"yoast-schema-graph\">{\"@context\":\"https:\/\/schema.org\",\"@graph\":[{\"@type\":\"Organization\",\"@id\":\"https:\/\/dialisiragusa.it\/#organization\",\"name\":\"Dialisi Ragusa\",\"url\":\"https:\/\/dialisiragusa.it\/\",\"sameAs\":[],\"logo\":{\"@type\":\"ImageObject\",\"@id\":\"https:\/\/dialisiragusa.it\/#logo\",\"inLanguage\":\"es\",\"url\":\"https:\/\/dialisiragusa.it\/wp-content\/uploads\/2019\/05\/Dialisi-Ragusa-vacanze-per-pazienti-emodializzati.png\",\"contentUrl\":\"https:\/\/dialisiragusa.it\/wp-content\/uploads\/2019\/05\/Dialisi-Ragusa-vacanze-per-pazienti-emodializzati.png\",\"width\":400,\"height\":71,\"caption\":\"Dialisi Ragusa\"},\"image\":{\"@id\":\"https:\/\/dialisiragusa.it\/#logo\"}},{\"@type\":\"WebSite\",\"@id\":\"https:\/\/dialisiragusa.it\/#website\",\"url\":\"https:\/\/dialisiragusa.it\/\",\"name\":\"Dialisi Ragusa\",\"description\":\"Vacanze per emodializzati\",\"publisher\":{\"@id\":\"https:\/\/dialisiragusa.it\/#organization\"},\"potentialAction\":[{\"@type\":\"SearchAction\",\"target\":{\"@type\":\"EntryPoint\",\"urlTemplate\":\"https:\/\/dialisiragusa.it\/?s={search_term_string}\"},\"query-input\":\"required name=search_term_string\"}],\"inLanguage\":\"es\"},{\"@type\":\"WebPage\",\"@id\":\"https:\/\/dialisiragusa.it\/dicono-di-noi\/#webpage\",\"url\":\"https:\/\/dialisiragusa.it\/dicono-di-noi\/\",\"name\":\"Dialisi Ragusa | Scopri cosa dicono di noi i nostri clienti\",\"isPartOf\":{\"@id\":\"https:\/\/dialisiragusa.it\/#website\"},\"datePublished\":\"2019-09-26T15:00:49+00:00\",\"dateModified\":\"2020-03-05T11:48:22+00:00\",\"description\":\"Dialisi Ragusa nasce con l'idea di offrire una vacanza a chi ha necessit\\u00e0 di dialisi e stiamo gi\\u00e0 riscuotendo molti apprezzamenti, leggi cosa dicono di noi\",\"breadcrumb\":{\"@id\":\"https:\/\/dialisiragusa.it\/dicono-di-noi\/#breadcrumb\"},\"inLanguage\":\"es\",\"potentialAction\":[{\"@type\":\"ReadAction\",\"target\":[\"https:\/\/dialisiragusa.it\/dicono-di-noi\/\"]}]},{\"@type\":\"BreadcrumbList\",\"@id\":\"https:\/\/dialisiragusa.it\/dicono-di-noi\/#breadcrumb\",\"itemListElement\":[{\"@type\":\"ListItem\",\"position\":1,\"name\":\"Home\",\"item\":\"https:\/\/dialisiragusa.it\/\"},{\"@type\":\"ListItem\",\"position\":2,\"name\":\"DICONO DI NOI\"}]}]}<\/script>\n<!-- \/ Yoast SEO plugin. -->","yoast_head_json":{"title":"Dialisi Ragusa | Scopri cosa dicono di noi i nostri clienti","description":"Dialisi Ragusa nasce con l'idea di offrire una vacanza a chi ha necessit\u00e0 di dialisi e stiamo gi\u00e0 riscuotendo molti apprezzamenti, leggi cosa dicono di noi","robots":{"index":"index","follow":"follow","max-snippet":"max-snippet:-1","max-image-preview":"max-image-preview:large","max-video-preview":"max-video-preview:-1"},"canonical":"https:\/\/dialisiragusa.it\/es\/dicen-de-nosotros\/","og_locale":"es_ES","og_type":"article","og_title":"Dialisi Ragusa | Scopri cosa dicono di noi i nostri clienti","og_description":"Dialisi Ragusa nasce con l'idea di offrire una vacanza a chi ha necessit\u00e0 di dialisi e stiamo gi\u00e0 riscuotendo molti apprezzamenti, leggi cosa dicono di noi","og_url":"https:\/\/dialisiragusa.it\/es\/dicen-de-nosotros\/","og_site_name":"Dialisi Ragusa","article_modified_time":"2020-03-05T11:48:22+00:00","og_image":[{"width":1042,"height":500,"url":"https:\/\/dialisiragusa.it\/wp-content\/uploads\/2019\/05\/preview-dialisi.png","type":"image\/png"}],"twitter_card":"summary_large_image","twitter_misc":{"Tiempo de lectura":"1 minuto"},"schema":{"@context":"https:\/\/schema.org","@graph":[{"@type":"Organization","@id":"https:\/\/dialisiragusa.it\/#organization","name":"Dialisi Ragusa","url":"https:\/\/dialisiragusa.it\/","sameAs":[],"logo":{"@type":"ImageObject","@id":"https:\/\/dialisiragusa.it\/#logo","inLanguage":"es","url":"https:\/\/dialisiragusa.it\/wp-content\/uploads\/2019\/05\/Dialisi-Ragusa-vacanze-per-pazienti-emodializzati.png","contentUrl":"https:\/\/dialisiragusa.it\/wp-content\/uploads\/2019\/05\/Dialisi-Ragusa-vacanze-per-pazienti-emodializzati.png","width":400,"height":71,"caption":"Dialisi Ragusa"},"image":{"@id":"https:\/\/dialisiragusa.it\/#logo"}},{"@type":"WebSite","@id":"https:\/\/dialisiragusa.it\/#website","url":"https:\/\/dialisiragusa.it\/","name":"Dialisi Ragusa","description":"Vacanze per emodializzati","publisher":{"@id":"https:\/\/dialisiragusa.it\/#organization"},"potentialAction":[{"@type":"SearchAction","target":{"@type":"EntryPoint","urlTemplate":"https:\/\/dialisiragusa.it\/?s={search_term_string}"},"query-input":"required name=search_term_string"}],"inLanguage":"es"},{"@type":"WebPage","@id":"https:\/\/dialisiragusa.it\/dicono-di-noi\/#webpage","url":"https:\/\/dialisiragusa.it\/dicono-di-noi\/","name":"Dialisi Ragusa | Scopri cosa dicono di noi i nostri clienti","isPartOf":{"@id":"https:\/\/dialisiragusa.it\/#website"},"datePublished":"2019-09-26T15:00:49+00:00","dateModified":"2020-03-05T11:48:22+00:00","description":"Dialisi Ragusa nasce con l'idea di offrire una vacanza a chi ha necessit\u00e0 di dialisi e stiamo gi\u00e0 riscuotendo molti apprezzamenti, leggi cosa dicono di noi","breadcrumb":{"@id":"https:\/\/dialisiragusa.it\/dicono-di-noi\/#breadcrumb"},"inLanguage":"es","potentialAction":[{"@type":"ReadAction","target":["https:\/\/dialisiragusa.it\/dicono-di-noi\/"]}]},{"@type":"BreadcrumbList","@id":"https:\/\/dialisiragusa.it\/dicono-di-noi\/#breadcrumb","itemListElement":[{"@type":"ListItem","position":1,"name":"Home","item":"https:\/\/dialisiragusa.it\/"},{"@type":"ListItem","position":2,"name":"DICONO DI NOI"}]}]}},"_links":{"self":[{"href":"https:\/\/dialisiragusa.it\/es\/wp-json\/wp\/v2\/pages\/798"}],"collection":[{"href":"https:\/\/dialisiragusa.it\/es\/wp-json\/wp\/v2\/pages"}],"about":[{"href":"https:\/\/dialisiragusa.it\/es\/wp-json\/wp\/v2\/types\/page"}],"author":[{"embeddable":true,"href":"https:\/\/dialisiragusa.it\/es\/wp-json\/wp\/v2\/users\/1"}],"replies":[{"embeddable":true,"href":"https:\/\/dialisiragusa.it\/es\/wp-json\/wp\/v2\/comments?post=798"}],"version-history":[{"count":8,"href":"https:\/\/dialisiragusa.it\/es\/wp-json\/wp\/v2\/pages\/798\/revisions"}],"predecessor-version":[{"id":1562,"href":"https:\/\/dialisiragusa.it\/es\/wp-json\/wp\/v2\/pages\/798\/revisions\/1562"}],"wp:attachment":[{"href":"https:\/\/dialisiragusa.it\/es\/wp-json\/wp\/v2\/media?parent=798"}],"curies":[{"name":"wp","href":"https:\/\/api.w.org\/{rel}","templated":true}]}}