{"id":793,"date":"2019-09-26T16:45:15","date_gmt":"2019-09-26T14:45:15","guid":{"rendered":"https:\/\/dialisiragusa.it\/?page_id=793"},"modified":"2020-03-05T12:51:22","modified_gmt":"2020-03-05T11:51:22","slug":"lavora-con-noi","status":"publish","type":"page","link":"https:\/\/dialisiragusa.it\/es\/tradaja-con-nosotros\/","title":{"rendered":"TRABAJA CON NOSOTROS"},"content":{"rendered":"<div data-elementor-type=\"wp-page\" data-elementor-id=\"793\" class=\"elementor elementor-793\" data-elementor-settings=\"[]\">\n\t\t\t\t\t\t<div class=\"elementor-inner\">\n\t\t\t\t\t\t\t<div class=\"elementor-section-wrap\">\n\t\t\t\t\t\t\t<section class=\"elementor-section elementor-top-section elementor-element elementor-element-9fefb52 elementor-section-boxed elementor-section-height-default elementor-section-height-default\" data-id=\"9fefb52\" data-element_type=\"section\">\n\t\t\t\t\t\t<div class=\"elementor-container elementor-column-gap-default\">\n\t\t\t\t\t\t\t<div class=\"elementor-row\">\n\t\t\t\t\t<div class=\"aux-parallax-section elementor-column elementor-col-100 elementor-top-column elementor-element elementor-element-806da11\" data-id=\"806da11\" data-element_type=\"column\">\n\t\t\t<div class=\"elementor-column-wrap elementor-element-populated\">\n\t\t\t\t\t\t\t<div class=\"elementor-widget-wrap\">\n\t\t\t\t\t\t<div class=\"elementor-element elementor-element-8ccc3cc aux-appear-watch-animation aux-fade-in-up elementor-widget elementor-widget-aux_modern_heading\" data-id=\"8ccc3cc\" data-element_type=\"widget\" data-widget_type=\"aux_modern_heading.default\">\n\t\t\t\t<div class=\"elementor-widget-container\">\n\t\t\t<section class=\"aux-widget-modern-heading\">\n            <div class=\"aux-widget-inner\"><h1 class=\"aux-modern-heading-primary\">Trabaja con nosotros<\/h1><div class=\"aux-modern-heading-divider\"><\/div><div class=\"aux-modern-heading-description\"><p>Estamos buscando hablantes nativos para la promoci\u00f3n de nuestros servicios. <br \/>No se requiere presencia local y puede trabajar desde la comodidad de su hogar.<br \/>Complete el formulario y nuestro personal se comunicar\u00e1 con usted.<\/p><\/div><\/div>\n        <\/section>\t\t<\/div>\n\t\t\t\t<\/div>\n\t\t\t\t<div class=\"elementor-element elementor-element-4573322 elementor-button-align-stretch elementor-widget elementor-widget-form\" data-id=\"4573322\" data-element_type=\"widget\" data-settings=\"{&quot;button_width&quot;:&quot;100&quot;,&quot;step_next_label&quot;:&quot;Siguiente&quot;,&quot;step_previous_label&quot;:&quot;Anterior&quot;,&quot;step_type&quot;:&quot;number_text&quot;,&quot;step_icon_shape&quot;:&quot;circle&quot;}\" data-widget_type=\"form.default\">\n\t\t\t\t<div class=\"elementor-widget-container\">\n\t\t\t\t\t<form class=\"elementor-form\" method=\"post\" name=\"New Form\" action=\"\">\n\t\t\t<input type=\"hidden\" name=\"post_id\" value=\"793\"\/>\n\t\t\t<input type=\"hidden\" name=\"form_id\" value=\"4573322\"\/>\n\t\t\t<input type=\"hidden\" name=\"referer_title\" value=\"Dialisi Ragusa\" \/>\n\n\t\t\t\n\t\t\t<div class=\"elementor-form-fields-wrapper elementor-labels-above\">\n\t\t\t\t\t\t\t\t<div class=\"elementor-field-type-text elementor-field-group elementor-column elementor-field-group-nome elementor-col-50 elementor-field-required elementor-mark-required\">\n\t\t\t\t\t\t\t\t\t\t\t\t<label for=\"form-field-nome\" class=\"elementor-field-label\">\n\t\t\t\t\t\t\t\tNombre\t\t\t\t\t\t\t<\/label>\n\t\t\t\t\t\t\t\t\t\t\t\t\t\t<input size=\"1\" type=\"text\" name=\"form_fields[nome]\" id=\"form-field-nome\" class=\"elementor-field elementor-size-sm  elementor-field-textual\" required=\"required\" aria-required=\"true\">\n\t\t\t\t\t\t\t\t\t\t\t<\/div>\n\t\t\t\t\t\t\t\t<div class=\"elementor-field-type-text elementor-field-group elementor-column elementor-field-group-cognome elementor-col-50 elementor-field-required elementor-mark-required\">\n\t\t\t\t\t\t\t\t\t\t\t\t<label for=\"form-field-cognome\" class=\"elementor-field-label\">\n\t\t\t\t\t\t\t\tApellidos\t\t\t\t\t\t\t<\/label>\n\t\t\t\t\t\t\t\t\t\t\t\t\t\t<input size=\"1\" type=\"text\" name=\"form_fields[cognome]\" id=\"form-field-cognome\" class=\"elementor-field elementor-size-sm  elementor-field-textual\" required=\"required\" aria-required=\"true\">\n\t\t\t\t\t\t\t\t\t\t\t<\/div>\n\t\t\t\t\t\t\t\t<div class=\"elementor-field-type-email elementor-field-group elementor-column elementor-field-group-email elementor-col-50 elementor-field-required elementor-mark-required\">\n\t\t\t\t\t\t\t\t\t\t\t\t<label for=\"form-field-email\" class=\"elementor-field-label\">\n\t\t\t\t\t\t\t\tEmail\t\t\t\t\t\t\t<\/label>\n\t\t\t\t\t\t\t\t\t\t\t\t\t\t<input size=\"1\" type=\"email\" name=\"form_fields[email]\" id=\"form-field-email\" class=\"elementor-field elementor-size-sm  elementor-field-textual\" required=\"required\" aria-required=\"true\">\n\t\t\t\t\t\t\t\t\t\t\t<\/div>\n\t\t\t\t\t\t\t\t<div class=\"elementor-field-type-tel elementor-field-group elementor-column elementor-field-group-telefono elementor-col-50 elementor-field-required elementor-mark-required\">\n\t\t\t\t\t\t\t\t\t\t\t\t<label for=\"form-field-telefono\" class=\"elementor-field-label\">\n\t\t\t\t\t\t\t\tTel\u00e9fono\t\t\t\t\t\t\t<\/label>\n\t\t\t\t\t\t\t\t<input size=\"1\" type=\"tel\" name=\"form_fields[telefono]\" id=\"form-field-telefono\" class=\"elementor-field elementor-size-sm  elementor-field-textual\" required=\"required\" aria-required=\"true\" pattern=\"[0-9()#&amp;+*-=.]+\" title=\"Solo se aceptan n\u00fameros y caracteres de tel\u00e9fono (#,-,*,etc).\">\n\n\t\t\t\t\t\t<\/div>\n\t\t\t\t\t\t\t\t<div class=\"elementor-field-type-text elementor-field-group elementor-column elementor-field-group-paese elementor-col-50 elementor-field-required elementor-mark-required\">\n\t\t\t\t\t\t\t\t\t\t\t\t<label for=\"form-field-paese\" class=\"elementor-field-label\">\n\t\t\t\t\t\t\t\tPays\t\t\t\t\t\t\t<\/label>\n\t\t\t\t\t\t\t\t\t\t\t\t\t\t<input size=\"1\" type=\"text\" name=\"form_fields[paese]\" id=\"form-field-paese\" class=\"elementor-field elementor-size-sm  elementor-field-textual\" required=\"required\" aria-required=\"true\">\n\t\t\t\t\t\t\t\t\t\t\t<\/div>\n\t\t\t\t\t\t\t\t<div class=\"elementor-field-type-upload elementor-field-group elementor-column elementor-field-group-cv elementor-col-50 elementor-field-required elementor-mark-required\">\n\t\t\t\t\t\t\t\t\t\t\t\t<label for=\"form-field-cv\" class=\"elementor-field-label\">\n\t\t\t\t\t\t\t\tAdjunte su CV (pdf max 5mb)\t\t\t\t\t\t\t<\/label>\n\t\t\t\t\t\t\t\t<input type=\"file\" name=\"form_fields[cv]\" id=\"form-field-cv\" class=\"elementor-field elementor-size-sm  elementor-upload-field\" required=\"required\" aria-required=\"true\" data-maxsize=\"5\" data-maxsize-message=\"Este archivo excede el tama\u00f1o m\u00e1ximo permitido.\">\n\n\t\t\t\t\t\t<\/div>\n\t\t\t\t\t\t\t\t<div class=\"elementor-field-type-html elementor-field-group elementor-column elementor-field-group-field_8 elementor-col-100\">\n\t\t\t\t\t<section style=\"border:1px solid #000000;padding:10px; overflow-y: scroll; overflow-x: hidden; height:50px; margin-top:10px;font-size:11px;\">\n\n<p>\n  <strong>\n    Informaci\u00f3n de conformidad con el art. 13 del Reglamento de la UE n. 679\/2016\n  <\/strong>\n<\/p>\n\n\n<p style=\"font-weight:normal;\">\n  Esta informaci\u00f3n est\u00e1 destinada a proporcionar al usuario informaci\u00f3n relacionada con el procesamiento de datos proporcionados para el uso del formulario de \"contacto\" en el sitio web dialisiragusa.it de acuerdo con el art. 13 del Reglamento europeo n. 679\/2016.\n<\/p>\n\n<p>\n  <strong>1. Controlador de datos<\/strong>\n<\/p>\n<p style=\"font-weight:normal;\">\n  El controlador de datos es Iblea Medica s.r.l. con domicilio social en Via Beato Angelico 16 - 97100 Ragusa, correo info@dialisiragusa.it, P.I. 00808920888\n<p>\n<p>\n  El controlador de datos no ha designado a una persona responsable de la protecci\u00f3n de datos personales (RPD o DPO).\n<\/p>\n\n<p><strong>2. Finalidad del procesamiento de datos.<\/strong><\/p>\n\n<p style=\"font-weight:normal;\">\n  Los datos personales recopilados por el propietario del controlador de datos tienen como objetivo proporcionar al usuario una respuesta a la solicitud enviada a trav\u00e9s del formulario de \"contactos\", presente en el sitio web dialisiragusa.it\n<\/p>\n\n<p><strong>3. Base jur\u00eddica del procesamiento.<\/strong><\/p>\n<p style=\"font-weight:normal;\">\nEl procesamiento de los datos personales del usuario se realiza legalmente cuando: <br \/>\n- se basa en el consentimiento del interesado.\n<\/p>\n\n<p><strong>4. Retenci\u00f3n de datos<\/strong><\/p>\n<p style=\"font-weight:normal;\">\nSus datos personales, sujetos a procesamiento para los fines antes mencionados, se conservar\u00e1n durante tres meses a partir de la finalizaci\u00f3n de la solicitud de informaci\u00f3n, enviada por el usuario a trav\u00e9s del formulario de \"contacto\".\n<\/p>\n\n<p><strong>5. Comunicaci\u00f3n de datos<\/strong><\/p>\n<p style=\"font-weight:normal;\">\nLos datos recopilados no ser\u00e1n comunicados a terceros.\n<\/p>\n\n<p><strong>6. Derechos del interesado.<\/strong><\/p>>\n<p style=\"font-weight:normal;\">\n  Entre los derechos reconocidos a las partes interesadas por el Reglamento de la UE n. 679\/2016 incluye los de:<br \/>\n  - solicitar acceso a los datos personales recopilados y a la informaci\u00f3n relacionada con ellos;<br \/>\n  - solicitar la correcci\u00f3n de datos inexactos o la integraci\u00f3n de datos incompletos;<br \/>\n  - solicitar la eliminaci\u00f3n de sus datos personales en los casos previstos por el art. 17, p\u00e1rrafo 1 del Reglamento de la UE no. 679\/2016;<br \/>\n  - solicitar la limitaci\u00f3n del procesamiento de datos de usuario en los casos previstos en el art. 18, p\u00e1rrafo 1 del Reglamento de la UE no. 679\/2016;<br \/>\n  - solicitar y obtener que los datos personales del usuario procesados \u200b\u200bde manera automatizada y adquiridos con el consentimiento de la parte interesada o sobre la base de un contrato estipulado con la parte interesada se entreguen a este \u00faltimo en un formato estructurado y legible por m\u00e1quina, tambi\u00e9n para comunicar dichos datos a otro controlador de datos (derecho a la portabilidad de datos);<br \/>\n  - objetar en cualquier momento el procesamiento de sus datos personales en los casos previstos por el art. el arte. 21 del Reglamento de la UE n. 679\/2016. <br \/>\n  - revocar el consentimiento en cualquier momento, pero solo en el caso de que el procesamiento se base en el consentimiento para uno o m\u00e1s prop\u00f3sitos y se refiera a datos personales comunes (como fecha y lugar de nacimiento o lugar de residencia) o categor\u00edas especiales de datos (como origen racial, opiniones pol\u00edticas, creencias religiosas, estado de salud o vida sexual);<br \/>\n  - proponer una queja a una autoridad supervisora \u200b\u200by para Italia a la Autoridad Garante para la protecci\u00f3n de datos personales (www.garanteprivacy.it).\n\n<\/p>\n\n<p><strong>7. M\u00e9todos de procesamiento<\/strong><\/p>>\n<p style=\"font-weight:normal;\">\n  El procesamiento se realiza a trav\u00e9s de medios electr\u00f3nicos), durante el tiempo estrictamente necesario para lograr los fines para los cuales se recopilaron los datos y, en cualquier caso, de conformidad con la normativa vigente en la materia.\n<\/p>\n\n<p><strong>8. Consecuencias de la falta de comunicaci\u00f3n de datos personales. <\/strong><\/p>\n<p style=\"font-weight:normal;\">\n  No proporcionar los datos solicitados dentro del formulario de contacto hace que sea imposible reenviar la solicitud de contacto y, por lo tanto, recibir la respuesta.\n<\/p>\n<\/section>\n\t\t\t\t<\/div>\n\t\t\t\t\t\t\t\t<div class=\"elementor-field-type-acceptance elementor-field-group elementor-column elementor-field-group-field_9 elementor-col-100 elementor-field-required elementor-mark-required\">\n\t\t\t\t\t\t\t<div class=\"elementor-field-subgroup\">\n\t\t\t<span class=\"elementor-field-option\">\n\t\t\t\t<input type=\"checkbox\" name=\"form_fields[field_9]\" id=\"form-field-field_9\" class=\"elementor-field elementor-size-sm  elementor-acceptance-field\" required=\"required\" aria-required=\"true\">\n\t\t\t\t<label for=\"form-field-field_9\">Declaro que he le\u00eddo la Pol\u00edtica de privacidad y acepto el procesamiento de mis datos personales para recibir la informaci\u00f3n solicitada.<\/label>\t\t\t<\/span>\n\t\t<\/div>\n\t\t\t\t\t\t<\/div>\n\t\t\t\t\t\t\t\t<div class=\"elementor-field-group elementor-column elementor-field-type-submit elementor-col-100 e-form__buttons\">\n\t\t\t\t\t<button type=\"submit\" class=\"elementor-button elementor-size-md\">\n\t\t\t\t\t\t<span >\n\t\t\t\t\t\t\t\t\t\t\t\t\t\t\t<span class=\"elementor-button-icon\">\n\t\t\t\t\t\t\t\t\t\t\t\t\t\t\t\t\t\t\t\t\t\t\t\t\t\t<\/span>\n\t\t\t\t\t\t\t\t\t\t\t\t\t\t\t\t\t\t\t\t\t\t<span class=\"elementor-button-text\">ENV\u00cdA LA APLICACI\u00d3N<\/span>\n\t\t\t\t\t\t\t\t\t\t\t\t\t<\/span>\n\t\t\t\t\t<\/button>\n\t\t\t\t<\/div>\n\t\t\t<\/div>\n\t\t<input type=\"hidden\" name=\"trp-form-language\" value=\"es\"\/><\/form>\n\t\t\t\t<\/div>\n\t\t\t\t<\/div>\n\t\t\t\t\t\t<\/div>\n\t\t\t\t\t<\/div>\n\t\t<\/div>\n\t\t\t\t\t\t\t\t<\/div>\n\t\t\t\t\t<\/div>\n\t\t<\/section>\n\t\t\t\t\t\t<\/div>\n\t\t\t\t\t\t<\/div>\n\t\t\t\t\t<\/div>","protected":false},"excerpt":{"rendered":"<p>Lavora con noi Siamo alla ricerca di collaboratori madrelingua per la promozione dei nostri servizi. Non \u00e8 richiesta la presenza in loco e potrai lavorare comodamente da casa tua. Compila il modulo e verrai ricontattato dal nostro staff.<\/p>","protected":false},"author":1,"featured_media":0,"parent":0,"menu_order":0,"comment_status":"closed","ping_status":"closed","template":"elementor_header_footer","meta":{"_mi_skip_tracking":false},"yoast_head":"<!-- This site is optimized with the Yoast SEO plugin v17.7 - https:\/\/yoast.com\/wordpress\/plugins\/seo\/ -->\n<title>Dialisi Ragusa | Vuoi venire a lavorare insieme a noi?<\/title>\n<meta name=\"description\" content=\"Siamo alla ricerca di collaboratori madrelingua. Non \u00e8 richiesta la presenza in loco e potrai lavorare comodamente da casa tua.\" \/>\n<meta name=\"robots\" content=\"index, follow, max-snippet:-1, max-image-preview:large, max-video-preview:-1\" \/>\n<link rel=\"canonical\" href=\"https:\/\/dialisiragusa.it\/es\/tradaja-con-nosotros\/\" \/>\n<meta property=\"og:locale\" content=\"es_ES\" \/>\n<meta property=\"og:type\" content=\"article\" \/>\n<meta property=\"og:title\" content=\"Dialisi Ragusa | Vuoi venire a lavorare insieme a noi?\" \/>\n<meta property=\"og:description\" content=\"Siamo alla ricerca di collaboratori madrelingua. Non \u00e8 richiesta la presenza in loco e potrai lavorare comodamente da casa tua.\" \/>\n<meta property=\"og:url\" content=\"https:\/\/dialisiragusa.it\/es\/tradaja-con-nosotros\/\" \/>\n<meta property=\"og:site_name\" content=\"Dialisi Ragusa\" \/>\n<meta property=\"article:modified_time\" content=\"2020-03-05T11:51:22+00:00\" \/>\n<meta property=\"og:image\" content=\"https:\/\/dialisiragusa.it\/wp-content\/uploads\/2019\/05\/preview-dialisi.png\" \/>\n\t<meta property=\"og:image:width\" content=\"1042\" \/>\n\t<meta property=\"og:image:height\" content=\"500\" \/>\n<meta name=\"twitter:card\" content=\"summary_large_image\" \/>\n<script type=\"application\/ld+json\" class=\"yoast-schema-graph\">{\"@context\":\"https:\/\/schema.org\",\"@graph\":[{\"@type\":\"Organization\",\"@id\":\"https:\/\/dialisiragusa.it\/#organization\",\"name\":\"Dialisi Ragusa\",\"url\":\"https:\/\/dialisiragusa.it\/\",\"sameAs\":[],\"logo\":{\"@type\":\"ImageObject\",\"@id\":\"https:\/\/dialisiragusa.it\/#logo\",\"inLanguage\":\"es\",\"url\":\"https:\/\/dialisiragusa.it\/wp-content\/uploads\/2019\/05\/Dialisi-Ragusa-vacanze-per-pazienti-emodializzati.png\",\"contentUrl\":\"https:\/\/dialisiragusa.it\/wp-content\/uploads\/2019\/05\/Dialisi-Ragusa-vacanze-per-pazienti-emodializzati.png\",\"width\":400,\"height\":71,\"caption\":\"Dialisi Ragusa\"},\"image\":{\"@id\":\"https:\/\/dialisiragusa.it\/#logo\"}},{\"@type\":\"WebSite\",\"@id\":\"https:\/\/dialisiragusa.it\/#website\",\"url\":\"https:\/\/dialisiragusa.it\/\",\"name\":\"Dialisi Ragusa\",\"description\":\"Vacanze per emodializzati\",\"publisher\":{\"@id\":\"https:\/\/dialisiragusa.it\/#organization\"},\"potentialAction\":[{\"@type\":\"SearchAction\",\"target\":{\"@type\":\"EntryPoint\",\"urlTemplate\":\"https:\/\/dialisiragusa.it\/?s={search_term_string}\"},\"query-input\":\"required name=search_term_string\"}],\"inLanguage\":\"es\"},{\"@type\":\"WebPage\",\"@id\":\"https:\/\/dialisiragusa.it\/lavora-con-noi\/#webpage\",\"url\":\"https:\/\/dialisiragusa.it\/lavora-con-noi\/\",\"name\":\"Dialisi Ragusa | Vuoi venire a lavorare insieme a noi?\",\"isPartOf\":{\"@id\":\"https:\/\/dialisiragusa.it\/#website\"},\"datePublished\":\"2019-09-26T14:45:15+00:00\",\"dateModified\":\"2020-03-05T11:51:22+00:00\",\"description\":\"Siamo alla ricerca di collaboratori madrelingua. Non \\u00e8 richiesta la presenza in loco e potrai lavorare comodamente da casa tua.\",\"breadcrumb\":{\"@id\":\"https:\/\/dialisiragusa.it\/lavora-con-noi\/#breadcrumb\"},\"inLanguage\":\"es\",\"potentialAction\":[{\"@type\":\"ReadAction\",\"target\":[\"https:\/\/dialisiragusa.it\/lavora-con-noi\/\"]}]},{\"@type\":\"BreadcrumbList\",\"@id\":\"https:\/\/dialisiragusa.it\/lavora-con-noi\/#breadcrumb\",\"itemListElement\":[{\"@type\":\"ListItem\",\"position\":1,\"name\":\"Home\",\"item\":\"https:\/\/dialisiragusa.it\/\"},{\"@type\":\"ListItem\",\"position\":2,\"name\":\"LAVORA CON NOI\"}]}]}<\/script>\n<!-- \/ Yoast SEO plugin. -->","yoast_head_json":{"title":"Dialisi Ragusa | Vuoi venire a lavorare insieme a noi?","description":"Siamo alla ricerca di collaboratori madrelingua. Non \u00e8 richiesta la presenza in loco e potrai lavorare comodamente da casa tua.","robots":{"index":"index","follow":"follow","max-snippet":"max-snippet:-1","max-image-preview":"max-image-preview:large","max-video-preview":"max-video-preview:-1"},"canonical":"https:\/\/dialisiragusa.it\/es\/tradaja-con-nosotros\/","og_locale":"es_ES","og_type":"article","og_title":"Dialisi Ragusa | Vuoi venire a lavorare insieme a noi?","og_description":"Siamo alla ricerca di collaboratori madrelingua. Non \u00e8 richiesta la presenza in loco e potrai lavorare comodamente da casa tua.","og_url":"https:\/\/dialisiragusa.it\/es\/tradaja-con-nosotros\/","og_site_name":"Dialisi Ragusa","article_modified_time":"2020-03-05T11:51:22+00:00","og_image":[{"width":1042,"height":500,"url":"https:\/\/dialisiragusa.it\/wp-content\/uploads\/2019\/05\/preview-dialisi.png","type":"image\/png"}],"twitter_card":"summary_large_image","schema":{"@context":"https:\/\/schema.org","@graph":[{"@type":"Organization","@id":"https:\/\/dialisiragusa.it\/#organization","name":"Dialisi Ragusa","url":"https:\/\/dialisiragusa.it\/","sameAs":[],"logo":{"@type":"ImageObject","@id":"https:\/\/dialisiragusa.it\/#logo","inLanguage":"es","url":"https:\/\/dialisiragusa.it\/wp-content\/uploads\/2019\/05\/Dialisi-Ragusa-vacanze-per-pazienti-emodializzati.png","contentUrl":"https:\/\/dialisiragusa.it\/wp-content\/uploads\/2019\/05\/Dialisi-Ragusa-vacanze-per-pazienti-emodializzati.png","width":400,"height":71,"caption":"Dialisi Ragusa"},"image":{"@id":"https:\/\/dialisiragusa.it\/#logo"}},{"@type":"WebSite","@id":"https:\/\/dialisiragusa.it\/#website","url":"https:\/\/dialisiragusa.it\/","name":"Dialisi Ragusa","description":"Vacanze per emodializzati","publisher":{"@id":"https:\/\/dialisiragusa.it\/#organization"},"potentialAction":[{"@type":"SearchAction","target":{"@type":"EntryPoint","urlTemplate":"https:\/\/dialisiragusa.it\/?s={search_term_string}"},"query-input":"required name=search_term_string"}],"inLanguage":"es"},{"@type":"WebPage","@id":"https:\/\/dialisiragusa.it\/lavora-con-noi\/#webpage","url":"https:\/\/dialisiragusa.it\/lavora-con-noi\/","name":"Dialisi Ragusa | Vuoi venire a lavorare insieme a noi?","isPartOf":{"@id":"https:\/\/dialisiragusa.it\/#website"},"datePublished":"2019-09-26T14:45:15+00:00","dateModified":"2020-03-05T11:51:22+00:00","description":"Siamo alla ricerca di collaboratori madrelingua. Non \u00e8 richiesta la presenza in loco e potrai lavorare comodamente da casa tua.","breadcrumb":{"@id":"https:\/\/dialisiragusa.it\/lavora-con-noi\/#breadcrumb"},"inLanguage":"es","potentialAction":[{"@type":"ReadAction","target":["https:\/\/dialisiragusa.it\/lavora-con-noi\/"]}]},{"@type":"BreadcrumbList","@id":"https:\/\/dialisiragusa.it\/lavora-con-noi\/#breadcrumb","itemListElement":[{"@type":"ListItem","position":1,"name":"Home","item":"https:\/\/dialisiragusa.it\/"},{"@type":"ListItem","position":2,"name":"LAVORA CON NOI"}]}]}},"_links":{"self":[{"href":"https:\/\/dialisiragusa.it\/es\/wp-json\/wp\/v2\/pages\/793"}],"collection":[{"href":"https:\/\/dialisiragusa.it\/es\/wp-json\/wp\/v2\/pages"}],"about":[{"href":"https:\/\/dialisiragusa.it\/es\/wp-json\/wp\/v2\/types\/page"}],"author":[{"embeddable":true,"href":"https:\/\/dialisiragusa.it\/es\/wp-json\/wp\/v2\/users\/1"}],"replies":[{"embeddable":true,"href":"https:\/\/dialisiragusa.it\/es\/wp-json\/wp\/v2\/comments?post=793"}],"version-history":[{"count":10,"href":"https:\/\/dialisiragusa.it\/es\/wp-json\/wp\/v2\/pages\/793\/revisions"}],"predecessor-version":[{"id":1565,"href":"https:\/\/dialisiragusa.it\/es\/wp-json\/wp\/v2\/pages\/793\/revisions\/1565"}],"wp:attachment":[{"href":"https:\/\/dialisiragusa.it\/es\/wp-json\/wp\/v2\/media?parent=793"}],"curies":[{"name":"wp","href":"https:\/\/api.w.org\/{rel}","templated":true}]}}