{"id":798,"date":"2019-09-26T17:00:49","date_gmt":"2019-09-26T15:00:49","guid":{"rendered":"https:\/\/dialisiragusa.it\/?page_id=798"},"modified":"2020-03-05T12:48:22","modified_gmt":"2020-03-05T11:48:22","slug":"dicono-di-noi","status":"publish","type":"page","link":"https:\/\/dialisiragusa.it\/de\/was-sie-uber-uns-sagen\/","title":{"rendered":"WAS SIE \u00dcBER UNS SAGEN"},"content":{"rendered":"<div data-elementor-type=\"wp-page\" data-elementor-id=\"798\" class=\"elementor elementor-798\" data-elementor-settings=\"[]\">\n\t\t\t\t\t\t<div class=\"elementor-inner\">\n\t\t\t\t\t\t\t<div class=\"elementor-section-wrap\">\n\t\t\t\t\t\t\t<section class=\"elementor-section elementor-top-section elementor-element elementor-element-7ed1012 elementor-section-boxed elementor-section-height-default elementor-section-height-default\" data-id=\"7ed1012\" data-element_type=\"section\">\n\t\t\t\t\t\t<div class=\"elementor-container elementor-column-gap-default\">\n\t\t\t\t\t\t\t<div class=\"elementor-row\">\n\t\t\t\t\t<div class=\"aux-parallax-section elementor-column elementor-col-50 elementor-top-column elementor-element elementor-element-da5e197\" data-id=\"da5e197\" data-element_type=\"column\">\n\t\t\t<div class=\"elementor-column-wrap elementor-element-populated\">\n\t\t\t\t\t\t\t<div class=\"elementor-widget-wrap\">\n\t\t\t\t\t\t<div class=\"aux-parallax-piece elementor-element elementor-element-7c042db aux-appear-watch-animation aux-scale-down elementor-widget elementor-widget-aux_blockquote\" data-parallax-origin=\"middle\" data-parallax-depth=\"0.15\" data-parallax-off=\"1024\" data-id=\"7c042db\" data-element_type=\"widget\" data-widget_type=\"aux_blockquote.default\">\n\t\t\t\t<div class=\"elementor-widget-container\">\n\t\t\t<section class=\"widget-container aux-widget-quote aux-parent-au40c3cdfb\" style=\"\" ><blockquote class=\"aux-elem-quote aux-blockquote-normal aux-text-align-left\"><p>Hallo, ich habe das Bed\u00fcrfnis, mit einfachen, aber aufrichtigen Worten ein echtes Dankesch\u00f6n f\u00fcr das Gef\u00fchl des Wohlbefindens auszudr\u00fccken, das durch den gro\u00dfartigen Empfang des gesamten Iblea Medica-Teams w\u00e4hrend unseres Aufenthalts in Ragusa f\u00fcr mich und insbesondere f\u00fcr meine Frau geweckt wurde. Aufenthalt \/ Urlaub, um es gelinde auszudr\u00fccken, obwohl meine Frau dreimal pro Woche Dialysesitzungen im Zentrum durchf\u00fchren muss. Besonderes Lob gilt den Angeh\u00f6rigen der Gesundheitsberufe und allen Mitarbeitern. der Unterst\u00fctzung, die gleichzeitig Professionalit\u00e4t und gro\u00dfe Qualit\u00e4ten der Menschlichkeit zeigte, aber die Begr\u00fc\u00dfung und Hilfsbereitschaft, die Alessio als Leiter des Urlaubsdialysedienstes zeigte, verdient allein die Reise !!!! \ud83d\udc4d\ud83d\udc4dDanke an alle und ... bis bald !!\n<div class=\"aux-author\">Roberto e Maria<\/div><\/p><\/blockquote><\/section><!-- widget-container -->\t\t<\/div>\n\t\t\t\t<\/div>\n\t\t\t\t\t\t<\/div>\n\t\t\t\t\t<\/div>\n\t\t<\/div>\n\t\t\t\t<div class=\"aux-parallax-section elementor-column elementor-col-50 elementor-top-column elementor-element elementor-element-2dac80b\" data-id=\"2dac80b\" data-element_type=\"column\">\n\t\t\t<div class=\"elementor-column-wrap elementor-element-populated\">\n\t\t\t\t\t\t\t<div class=\"elementor-widget-wrap\">\n\t\t\t\t\t\t<div class=\"aux-parallax-piece elementor-element elementor-element-ab82aae aux-appear-watch-animation aux-scale-down elementor-widget elementor-widget-aux_blockquote\" data-parallax-origin=\"middle\" data-parallax-depth=\"0.15\" data-parallax-off=\"1024\" data-id=\"ab82aae\" data-element_type=\"widget\" data-widget_type=\"aux_blockquote.default\">\n\t\t\t\t<div class=\"elementor-widget-container\">\n\t\t\t<section class=\"widget-container aux-widget-quote aux-parent-audaef8796\" style=\"\" ><blockquote class=\"aux-elem-quote aux-blockquote-normal aux-text-align-left\"><p>Ich habe mich f\u00fcr diese Struktur f\u00fcr meinen Urlaub in Ragusa entschieden. Das Personal hat mich mit kompetenter und einem exzellenten Service unterst\u00fctzt.  Es war wie zu Hause zu sein!\n<div class=\"aux-author\">Sergio Massaro<\/div><\/p><\/blockquote><\/section><!-- widget-container -->\t\t<\/div>\n\t\t\t\t<\/div>\n\t\t\t\t<div class=\"aux-parallax-piece elementor-element elementor-element-f8153f6 aux-appear-watch-animation aux-scale-down elementor-widget elementor-widget-aux_blockquote\" data-parallax-origin=\"middle\" data-parallax-depth=\"0.15\" data-parallax-off=\"1024\" data-id=\"f8153f6\" data-element_type=\"widget\" data-widget_type=\"aux_blockquote.default\">\n\t\t\t\t<div class=\"elementor-widget-container\">\n\t\t\t<section class=\"widget-container aux-widget-quote aux-parent-au93bdfd37\" style=\"\" ><blockquote class=\"aux-elem-quote aux-blockquote-normal aux-text-align-left\"><p>Ein gro\u00dfes Dankesch\u00f6n an Iblea Medica, die meinen Dialyseurlaub organisiert hat. Das Personal ist sehr professionell und sehr freundlich. Mein besonderer Dank gilt Alessio Scafidi f\u00fcr seine Hilfsbereitschaft und Verantwortung.\nBeste Gr\u00fc\u00dfe an euch alle. Hoffe dich bald zu sehen.<br \/>Beste Gr\u00fc\u00dfe an euch alle. Ich hoffe wir sehen uns bald.\n<div class=\"aux-author\">Sondrita Mickute<\/div><\/p><\/blockquote><\/section><!-- widget-container -->\t\t<\/div>\n\t\t\t\t<\/div>\n\t\t\t\t\t\t<\/div>\n\t\t\t\t\t<\/div>\n\t\t<\/div>\n\t\t\t\t\t\t\t\t<\/div>\n\t\t\t\t\t<\/div>\n\t\t<\/section>\n\t\t\t\t\t\t<\/div>\n\t\t\t\t\t\t<\/div>\n\t\t\t\t\t<\/div>","protected":false},"excerpt":{"rendered":"<p>Buongiorno, sento la necessit\u00e0 di esprimere con semplici ma sincere parole un vero ringraziamento per la sensazione di benessere suscitata dalla magnifica accoglienza riservata a me e soprattutto a mia moglie da parte di tutto il team di Iblea Medica durante il nostro soggiorno a Ragusa . Soggiorno\/vacanza per meglio dire nonostante la necessit\u00e0 per [&hellip;]<\/p>","protected":false},"author":1,"featured_media":0,"parent":0,"menu_order":0,"comment_status":"closed","ping_status":"closed","template":"elementor_header_footer","meta":{"_mi_skip_tracking":false},"yoast_head":"<!-- This site is optimized with the Yoast SEO plugin v17.7 - https:\/\/yoast.com\/wordpress\/plugins\/seo\/ -->\n<title>Dialisi Ragusa | Scopri cosa dicono di noi i nostri clienti<\/title>\n<meta name=\"description\" content=\"Dialisi Ragusa nasce con l&#039;idea di offrire una vacanza a chi ha necessit\u00e0 di dialisi e stiamo gi\u00e0 riscuotendo molti apprezzamenti, leggi cosa dicono di noi\" \/>\n<meta name=\"robots\" content=\"index, follow, max-snippet:-1, max-image-preview:large, max-video-preview:-1\" \/>\n<link rel=\"canonical\" href=\"https:\/\/dialisiragusa.it\/de\/was-sie-uber-uns-sagen\/\" \/>\n<meta property=\"og:locale\" content=\"de_DE\" \/>\n<meta property=\"og:type\" content=\"article\" \/>\n<meta property=\"og:title\" content=\"Dialisi Ragusa | Scopri cosa dicono di noi i nostri clienti\" \/>\n<meta property=\"og:description\" content=\"Dialisi Ragusa nasce con l&#039;idea di offrire una vacanza a chi ha necessit\u00e0 di dialisi e stiamo gi\u00e0 riscuotendo molti apprezzamenti, leggi cosa dicono di noi\" \/>\n<meta property=\"og:url\" content=\"https:\/\/dialisiragusa.it\/de\/was-sie-uber-uns-sagen\/\" \/>\n<meta property=\"og:site_name\" content=\"Dialisi Ragusa\" \/>\n<meta property=\"article:modified_time\" content=\"2020-03-05T11:48:22+00:00\" \/>\n<meta property=\"og:image\" content=\"https:\/\/dialisiragusa.it\/wp-content\/uploads\/2019\/05\/preview-dialisi.png\" \/>\n\t<meta property=\"og:image:width\" content=\"1042\" \/>\n\t<meta property=\"og:image:height\" content=\"500\" \/>\n<meta name=\"twitter:card\" content=\"summary_large_image\" \/>\n<meta name=\"twitter:label1\" content=\"Gesch\u00e4tzte Lesezeit\" \/>\n\t<meta name=\"twitter:data1\" content=\"1\u00a0Minute\" \/>\n<script type=\"application\/ld+json\" class=\"yoast-schema-graph\">{\"@context\":\"https:\/\/schema.org\",\"@graph\":[{\"@type\":\"Organization\",\"@id\":\"https:\/\/dialisiragusa.it\/#organization\",\"name\":\"Dialisi Ragusa\",\"url\":\"https:\/\/dialisiragusa.it\/\",\"sameAs\":[],\"logo\":{\"@type\":\"ImageObject\",\"@id\":\"https:\/\/dialisiragusa.it\/#logo\",\"inLanguage\":\"de\",\"url\":\"https:\/\/dialisiragusa.it\/wp-content\/uploads\/2019\/05\/Dialisi-Ragusa-vacanze-per-pazienti-emodializzati.png\",\"contentUrl\":\"https:\/\/dialisiragusa.it\/wp-content\/uploads\/2019\/05\/Dialisi-Ragusa-vacanze-per-pazienti-emodializzati.png\",\"width\":400,\"height\":71,\"caption\":\"Dialisi Ragusa\"},\"image\":{\"@id\":\"https:\/\/dialisiragusa.it\/#logo\"}},{\"@type\":\"WebSite\",\"@id\":\"https:\/\/dialisiragusa.it\/#website\",\"url\":\"https:\/\/dialisiragusa.it\/\",\"name\":\"Dialisi Ragusa\",\"description\":\"Vacanze per emodializzati\",\"publisher\":{\"@id\":\"https:\/\/dialisiragusa.it\/#organization\"},\"potentialAction\":[{\"@type\":\"SearchAction\",\"target\":{\"@type\":\"EntryPoint\",\"urlTemplate\":\"https:\/\/dialisiragusa.it\/?s={search_term_string}\"},\"query-input\":\"required name=search_term_string\"}],\"inLanguage\":\"de\"},{\"@type\":\"WebPage\",\"@id\":\"https:\/\/dialisiragusa.it\/dicono-di-noi\/#webpage\",\"url\":\"https:\/\/dialisiragusa.it\/dicono-di-noi\/\",\"name\":\"Dialisi Ragusa | Scopri cosa dicono di noi i nostri clienti\",\"isPartOf\":{\"@id\":\"https:\/\/dialisiragusa.it\/#website\"},\"datePublished\":\"2019-09-26T15:00:49+00:00\",\"dateModified\":\"2020-03-05T11:48:22+00:00\",\"description\":\"Dialisi Ragusa nasce con l'idea di offrire una vacanza a chi ha necessit\\u00e0 di dialisi e stiamo gi\\u00e0 riscuotendo molti apprezzamenti, leggi cosa dicono di noi\",\"breadcrumb\":{\"@id\":\"https:\/\/dialisiragusa.it\/dicono-di-noi\/#breadcrumb\"},\"inLanguage\":\"de\",\"potentialAction\":[{\"@type\":\"ReadAction\",\"target\":[\"https:\/\/dialisiragusa.it\/dicono-di-noi\/\"]}]},{\"@type\":\"BreadcrumbList\",\"@id\":\"https:\/\/dialisiragusa.it\/dicono-di-noi\/#breadcrumb\",\"itemListElement\":[{\"@type\":\"ListItem\",\"position\":1,\"name\":\"Home\",\"item\":\"https:\/\/dialisiragusa.it\/\"},{\"@type\":\"ListItem\",\"position\":2,\"name\":\"DICONO DI NOI\"}]}]}<\/script>\n<!-- \/ Yoast SEO plugin. -->","yoast_head_json":{"title":"Dialisi Ragusa | Scopri cosa dicono di noi i nostri clienti","description":"Dialisi Ragusa nasce con l'idea di offrire una vacanza a chi ha necessit\u00e0 di dialisi e stiamo gi\u00e0 riscuotendo molti apprezzamenti, leggi cosa dicono di noi","robots":{"index":"index","follow":"follow","max-snippet":"max-snippet:-1","max-image-preview":"max-image-preview:large","max-video-preview":"max-video-preview:-1"},"canonical":"https:\/\/dialisiragusa.it\/de\/was-sie-uber-uns-sagen\/","og_locale":"de_DE","og_type":"article","og_title":"Dialisi Ragusa | Scopri cosa dicono di noi i nostri clienti","og_description":"Dialisi Ragusa nasce con l'idea di offrire una vacanza a chi ha necessit\u00e0 di dialisi e stiamo gi\u00e0 riscuotendo molti apprezzamenti, leggi cosa dicono di noi","og_url":"https:\/\/dialisiragusa.it\/de\/was-sie-uber-uns-sagen\/","og_site_name":"Dialisi Ragusa","article_modified_time":"2020-03-05T11:48:22+00:00","og_image":[{"width":1042,"height":500,"url":"https:\/\/dialisiragusa.it\/wp-content\/uploads\/2019\/05\/preview-dialisi.png","type":"image\/png"}],"twitter_card":"summary_large_image","twitter_misc":{"Gesch\u00e4tzte Lesezeit":"1\u00a0Minute"},"schema":{"@context":"https:\/\/schema.org","@graph":[{"@type":"Organization","@id":"https:\/\/dialisiragusa.it\/#organization","name":"Dialisi Ragusa","url":"https:\/\/dialisiragusa.it\/","sameAs":[],"logo":{"@type":"ImageObject","@id":"https:\/\/dialisiragusa.it\/#logo","inLanguage":"de","url":"https:\/\/dialisiragusa.it\/wp-content\/uploads\/2019\/05\/Dialisi-Ragusa-vacanze-per-pazienti-emodializzati.png","contentUrl":"https:\/\/dialisiragusa.it\/wp-content\/uploads\/2019\/05\/Dialisi-Ragusa-vacanze-per-pazienti-emodializzati.png","width":400,"height":71,"caption":"Dialisi Ragusa"},"image":{"@id":"https:\/\/dialisiragusa.it\/#logo"}},{"@type":"WebSite","@id":"https:\/\/dialisiragusa.it\/#website","url":"https:\/\/dialisiragusa.it\/","name":"Dialisi Ragusa","description":"Vacanze per emodializzati","publisher":{"@id":"https:\/\/dialisiragusa.it\/#organization"},"potentialAction":[{"@type":"SearchAction","target":{"@type":"EntryPoint","urlTemplate":"https:\/\/dialisiragusa.it\/?s={search_term_string}"},"query-input":"required name=search_term_string"}],"inLanguage":"de"},{"@type":"WebPage","@id":"https:\/\/dialisiragusa.it\/dicono-di-noi\/#webpage","url":"https:\/\/dialisiragusa.it\/dicono-di-noi\/","name":"Dialisi Ragusa | Scopri cosa dicono di noi i nostri clienti","isPartOf":{"@id":"https:\/\/dialisiragusa.it\/#website"},"datePublished":"2019-09-26T15:00:49+00:00","dateModified":"2020-03-05T11:48:22+00:00","description":"Dialisi Ragusa nasce con l'idea di offrire una vacanza a chi ha necessit\u00e0 di dialisi e stiamo gi\u00e0 riscuotendo molti apprezzamenti, leggi cosa dicono di noi","breadcrumb":{"@id":"https:\/\/dialisiragusa.it\/dicono-di-noi\/#breadcrumb"},"inLanguage":"de","potentialAction":[{"@type":"ReadAction","target":["https:\/\/dialisiragusa.it\/dicono-di-noi\/"]}]},{"@type":"BreadcrumbList","@id":"https:\/\/dialisiragusa.it\/dicono-di-noi\/#breadcrumb","itemListElement":[{"@type":"ListItem","position":1,"name":"Home","item":"https:\/\/dialisiragusa.it\/"},{"@type":"ListItem","position":2,"name":"DICONO DI NOI"}]}]}},"_links":{"self":[{"href":"https:\/\/dialisiragusa.it\/de\/wp-json\/wp\/v2\/pages\/798"}],"collection":[{"href":"https:\/\/dialisiragusa.it\/de\/wp-json\/wp\/v2\/pages"}],"about":[{"href":"https:\/\/dialisiragusa.it\/de\/wp-json\/wp\/v2\/types\/page"}],"author":[{"embeddable":true,"href":"https:\/\/dialisiragusa.it\/de\/wp-json\/wp\/v2\/users\/1"}],"replies":[{"embeddable":true,"href":"https:\/\/dialisiragusa.it\/de\/wp-json\/wp\/v2\/comments?post=798"}],"version-history":[{"count":8,"href":"https:\/\/dialisiragusa.it\/de\/wp-json\/wp\/v2\/pages\/798\/revisions"}],"predecessor-version":[{"id":1562,"href":"https:\/\/dialisiragusa.it\/de\/wp-json\/wp\/v2\/pages\/798\/revisions\/1562"}],"wp:attachment":[{"href":"https:\/\/dialisiragusa.it\/de\/wp-json\/wp\/v2\/media?parent=798"}],"curies":[{"name":"wp","href":"https:\/\/api.w.org\/{rel}","templated":true}]}}