{"id":793,"date":"2019-09-26T16:45:15","date_gmt":"2019-09-26T14:45:15","guid":{"rendered":"https:\/\/dialisiragusa.it\/?page_id=793"},"modified":"2020-03-05T12:51:22","modified_gmt":"2020-03-05T11:51:22","slug":"lavora-con-noi","status":"publish","type":"page","link":"https:\/\/dialisiragusa.it\/de\/arbeite-mit-uns\/","title":{"rendered":"ARBEITE MIT UNS"},"content":{"rendered":"<div data-elementor-type=\"wp-page\" data-elementor-id=\"793\" class=\"elementor elementor-793\" data-elementor-settings=\"[]\">\n\t\t\t\t\t\t<div class=\"elementor-inner\">\n\t\t\t\t\t\t\t<div class=\"elementor-section-wrap\">\n\t\t\t\t\t\t\t<section class=\"elementor-section elementor-top-section elementor-element elementor-element-9fefb52 elementor-section-boxed elementor-section-height-default elementor-section-height-default\" data-id=\"9fefb52\" data-element_type=\"section\">\n\t\t\t\t\t\t<div class=\"elementor-container elementor-column-gap-default\">\n\t\t\t\t\t\t\t<div class=\"elementor-row\">\n\t\t\t\t\t<div class=\"aux-parallax-section elementor-column elementor-col-100 elementor-top-column elementor-element elementor-element-806da11\" data-id=\"806da11\" data-element_type=\"column\">\n\t\t\t<div class=\"elementor-column-wrap elementor-element-populated\">\n\t\t\t\t\t\t\t<div class=\"elementor-widget-wrap\">\n\t\t\t\t\t\t<div class=\"elementor-element elementor-element-8ccc3cc aux-appear-watch-animation aux-fade-in-up elementor-widget elementor-widget-aux_modern_heading\" data-id=\"8ccc3cc\" data-element_type=\"widget\" data-widget_type=\"aux_modern_heading.default\">\n\t\t\t\t<div class=\"elementor-widget-container\">\n\t\t\t<section class=\"aux-widget-modern-heading\">\n            <div class=\"aux-widget-inner\"><h1 class=\"aux-modern-heading-primary\">ARBEITE MIT UNS<\/h1><div class=\"aux-modern-heading-divider\"><\/div><div class=\"aux-modern-heading-description\"><p>Wir suchen Muttersprachler zur Bewerbung unserer Dienstleistungen. <br \/>Lokale Pr\u00e4senz ist nicht erforderlich und Sie k\u00f6nnen bequem von zu Hause aus arbeiten.<br \/>F\u00fcllen Sie das Formular aus und Sie werden von unseren Mitarbeitern kontaktiert.<\/p><\/div><\/div>\n        <\/section>\t\t<\/div>\n\t\t\t\t<\/div>\n\t\t\t\t<div class=\"elementor-element elementor-element-4573322 elementor-button-align-stretch elementor-widget elementor-widget-form\" data-id=\"4573322\" data-element_type=\"widget\" data-settings=\"{&quot;button_width&quot;:&quot;100&quot;,&quot;step_next_label&quot;:&quot;N\\u00e4chster&quot;,&quot;step_previous_label&quot;:&quot;Voriger&quot;,&quot;step_type&quot;:&quot;number_text&quot;,&quot;step_icon_shape&quot;:&quot;circle&quot;}\" data-widget_type=\"form.default\">\n\t\t\t\t<div class=\"elementor-widget-container\">\n\t\t\t\t\t<form class=\"elementor-form\" method=\"post\" name=\"New Form\" action=\"\">\n\t\t\t<input type=\"hidden\" name=\"post_id\" value=\"793\"\/>\n\t\t\t<input type=\"hidden\" name=\"form_id\" value=\"4573322\"\/>\n\t\t\t<input type=\"hidden\" name=\"referer_title\" value=\"Dialisi Ragusa\" \/>\n\n\t\t\t\n\t\t\t<div class=\"elementor-form-fields-wrapper elementor-labels-above\">\n\t\t\t\t\t\t\t\t<div class=\"elementor-field-type-text elementor-field-group elementor-column elementor-field-group-nome elementor-col-50 elementor-field-required elementor-mark-required\">\n\t\t\t\t\t\t\t\t\t\t\t\t<label for=\"form-field-nome\" class=\"elementor-field-label\">\n\t\t\t\t\t\t\t\tVorname\t\t\t\t\t\t\t<\/label>\n\t\t\t\t\t\t\t\t\t\t\t\t\t\t<input size=\"1\" type=\"text\" name=\"form_fields[nome]\" id=\"form-field-nome\" class=\"elementor-field elementor-size-sm  elementor-field-textual\" required=\"required\" aria-required=\"true\">\n\t\t\t\t\t\t\t\t\t\t\t<\/div>\n\t\t\t\t\t\t\t\t<div class=\"elementor-field-type-text elementor-field-group elementor-column elementor-field-group-cognome elementor-col-50 elementor-field-required elementor-mark-required\">\n\t\t\t\t\t\t\t\t\t\t\t\t<label for=\"form-field-cognome\" class=\"elementor-field-label\">\n\t\t\t\t\t\t\t\tNachname\t\t\t\t\t\t\t<\/label>\n\t\t\t\t\t\t\t\t\t\t\t\t\t\t<input size=\"1\" type=\"text\" name=\"form_fields[cognome]\" id=\"form-field-cognome\" class=\"elementor-field elementor-size-sm  elementor-field-textual\" required=\"required\" aria-required=\"true\">\n\t\t\t\t\t\t\t\t\t\t\t<\/div>\n\t\t\t\t\t\t\t\t<div class=\"elementor-field-type-email elementor-field-group elementor-column elementor-field-group-email elementor-col-50 elementor-field-required elementor-mark-required\">\n\t\t\t\t\t\t\t\t\t\t\t\t<label for=\"form-field-email\" class=\"elementor-field-label\">\n\t\t\t\t\t\t\t\tEmail\t\t\t\t\t\t\t<\/label>\n\t\t\t\t\t\t\t\t\t\t\t\t\t\t<input size=\"1\" type=\"email\" name=\"form_fields[email]\" id=\"form-field-email\" class=\"elementor-field elementor-size-sm  elementor-field-textual\" required=\"required\" aria-required=\"true\">\n\t\t\t\t\t\t\t\t\t\t\t<\/div>\n\t\t\t\t\t\t\t\t<div class=\"elementor-field-type-tel elementor-field-group elementor-column elementor-field-group-telefono elementor-col-50 elementor-field-required elementor-mark-required\">\n\t\t\t\t\t\t\t\t\t\t\t\t<label for=\"form-field-telefono\" class=\"elementor-field-label\">\n\t\t\t\t\t\t\t\tTelefon\t\t\t\t\t\t\t<\/label>\n\t\t\t\t\t\t\t\t<input size=\"1\" type=\"tel\" name=\"form_fields[telefono]\" id=\"form-field-telefono\" class=\"elementor-field elementor-size-sm  elementor-field-textual\" required=\"required\" aria-required=\"true\" pattern=\"[0-9()#&amp;+*-=.]+\" title=\"Nur Nummern oder Telefon-Zeichen (#, -, *, etc) werden akzeptiert.\">\n\n\t\t\t\t\t\t<\/div>\n\t\t\t\t\t\t\t\t<div class=\"elementor-field-type-text elementor-field-group elementor-column elementor-field-group-paese elementor-col-50 elementor-field-required elementor-mark-required\">\n\t\t\t\t\t\t\t\t\t\t\t\t<label for=\"form-field-paese\" class=\"elementor-field-label\">\n\t\t\t\t\t\t\t\tLand\t\t\t\t\t\t\t<\/label>\n\t\t\t\t\t\t\t\t\t\t\t\t\t\t<input size=\"1\" type=\"text\" name=\"form_fields[paese]\" id=\"form-field-paese\" class=\"elementor-field elementor-size-sm  elementor-field-textual\" required=\"required\" aria-required=\"true\">\n\t\t\t\t\t\t\t\t\t\t\t<\/div>\n\t\t\t\t\t\t\t\t<div class=\"elementor-field-type-upload elementor-field-group elementor-column elementor-field-group-cv elementor-col-50 elementor-field-required elementor-mark-required\">\n\t\t\t\t\t\t\t\t\t\t\t\t<label for=\"form-field-cv\" class=\"elementor-field-label\">\n\t\t\t\t\t\t\t\tF\u00fcgen Sie Ihren Lebenslauf bei (pdf max 5mb)\t\t\t\t\t\t\t<\/label>\n\t\t\t\t\t\t\t\t<input type=\"file\" name=\"form_fields[cv]\" id=\"form-field-cv\" class=\"elementor-field elementor-size-sm  elementor-upload-field\" required=\"required\" aria-required=\"true\" data-maxsize=\"5\" data-maxsize-message=\"Diese Datei \u00fcbersteigt die maximale Dateigr\u00f6\u00dfe.\">\n\n\t\t\t\t\t\t<\/div>\n\t\t\t\t\t\t\t\t<div class=\"elementor-field-type-html elementor-field-group elementor-column elementor-field-group-field_8 elementor-col-100\">\n\t\t\t\t\t<section style=\"border:1px solid #000000;padding:10px; overflow-y: scroll; overflow-x: hidden; height:50px; margin-top:10px;font-size:11px;\">\n\n<p>\n  <strong>\n    Information nach Art. 13 der EU-Verordnung Nr. 679\/2016\n  <\/strong>\n<\/p>\n\n\n<p style=\"font-weight:normal;\">\n  Zweck dieser Information ist es, dem Nutzer Informationen \u00fcber die Datenverarbeitung zur Verf\u00fcgung zu stellen\nf\u00fcr die Verwendung des \u201cKontaktformulars\u201c auf der Website dialisiragusa.it  gem\u00e4ss Art. 13 des\nEurop\u00e4ische Verordnung Nr. 679\/2016.\n<\/p>\n\n<p>\n  <strong>1. Verantwortlicher der Behandlung<\/strong>\n<\/p>\n<p style=\"font-weight:normal;\">\n  Verantwortlicher der Behandlung ist Iblea Medica s.r.l. mit Sitz in der Via Beato Angelico 16 \u2013 97100 Ragusa,\ninfo@dialisiragusa.it , P.I. 00808920888\n<p>\n<p>\n  Der Verantwortliche hat keinen Datenschutzbeauftragten ernannt (DSB oder\nDPO).\n<\/p>\n\n<p><strong>2. Zweck der Datenverarbeitung<\/strong><\/p>\n\n<p style=\"font-weight:normal;\">\n  Die vom Verantwortlichen erhobenen personenbezogenen Daten sollen dem Nutzer\neine Antwort auf Anfrage via Kontaktformular\u201c auf der Website\ndialisiragusa.it geben.\n<\/p>\n\n<p><strong>3. Rechtsgrundlage f\u00fcr die Verarbeitung<\/strong><\/p>\n<p style=\"font-weight:normal;\">\nDie Verarbeitung der pers\u00f6nlichen Daten des Benutzers erfolgt rechtm\u00e4\u00dfig, wenn: <br \/>\n- beruht auf der Zustimmung der betroffenen Person.\n<\/p>\n\n<p><strong>4. Aufbewahrung der Daten<\/strong><\/p>\n<p style=\"font-weight:normal;\">\nIhre personenbezogenen Daten, die f\u00fcr die genannten Zwecke verarbeitet werden, werden drei Monate lang ab der Bearbeitung der vom User \u00fcber das Kontaktformular weitergeleiteten Anfrage aufbewahrt.\n<\/p>\n\n<p><strong>5. \u00dcbermittlung der Daten<\/strong><\/p>\n<p style=\"font-weight:normal;\">\nDie erhobenen Daten werden nicht an Dritte weitergegeben.\n<\/p>\n\n<p><strong>6. Rechte des Betroffenen<\/strong><\/p>>\n<p style=\"font-weight:normal;\">\n  Zu den Rechten, die den Betroffenen gem\u00e4\u00df der EU-Verordnung Nr. 679\/2016 gew\u00e4hrt werden, geh\u00f6ren:<br \/>\n  - Beantragung der Zugriff auf die gesammelten pers\u00f6nlichen Daten und Informationen<br \/>\n  - Beantragung der fehlerhaften Daten zu korrigieren oder unvollst\u00e4ndige Daten zu erg\u00e4nzen<br \/>\n  - Beantragung der L\u00f6schung Ihre pers\u00f6nlichen Daten in den in Artikel 17, Absatz 1 des\nEU-Verordnung Nr. 679\/2016;<br \/>\n  - Beantragung der Einschr\u00e4nkung der Verarbeitung von Benutzerdaten nach Artikel 18 Absatz 1\nder EU-Verordnung Nr. 679\/2016;<br \/>\n  - Beantragung und Einholen von automatisierten Benutzerdaten, die mit der\nEinwilligung der betroffenen Person oder aufgrund eines Vertrages mit der betroffenen Person\nin einem strukturierten und maschinenlesbaren Format, auch um diese Daten an\nandere Verantwortliche weiterzuleiten (Recht auf Daten\u00fcbertragbarkeit);<br \/>\n  - Sich jederzeit gegen die Verarbeitung Ihrer pers\u00f6nlichen Daten zu wehren in den Artikel 21 der EU-Verordnung Nr. 679\/2016. <br \/>\n  - Jederzeit die Einwilligung widerrufen, jedoch nur unter der Voraussetzung, dass die Behandlung auf Zustimmung zu einem oder mehreren Zwecken betrifft, auch gemeinsame personenbezogene Daten (z. B. Geburtsdatum und Geburtsort oder Wohnsitz) oder besondere Kategorien von Daten (z. B. rassische Herkunft, politische Ansichten, religi\u00f6se \u00dcberzeugungen, Gesundheitszustand oder Sexualleben);<br \/>\n  - Beschwerde bei einer Kontrollstelle und f\u00fcr Italien bei der Datenschutzbeh\u00f6rde einreichen\n(www.garanteprivacy.it).\n\n<\/p>\n\n<p><strong>7. Art der Behandlung<\/strong><\/p>>\n<p style=\"font-weight:normal;\">\n  Die Behandlung erfolgt mit elektronischen Mitteln), und zwar so lange, wie dies f\u00fcr\ndie Ziele, f\u00fcr die die Daten erhoben wurden, zu erreichen, und in jedem Fall gem\u00e4\u00df den\ngeltenden Rechtsvorschriften.\n<\/p>\n\n<p><strong>8. Folgen der Nichtweitergabe personenbezogener Daten <\/strong><\/p>\n<p style=\"font-weight:normal;\">\n  Werden die verlangten Daten nicht in das Kontaktformular eingegeben, kann diese\nKontaktanfrage nicht gestellt werden und anschliessend keine Antwort erhalten.\n<\/p>\n<\/section>\n\t\t\t\t<\/div>\n\t\t\t\t\t\t\t\t<div class=\"elementor-field-type-acceptance elementor-field-group elementor-column elementor-field-group-field_9 elementor-col-100 elementor-field-required elementor-mark-required\">\n\t\t\t\t\t\t\t<div class=\"elementor-field-subgroup\">\n\t\t\t<span class=\"elementor-field-option\">\n\t\t\t\t<input type=\"checkbox\" name=\"form_fields[field_9]\" id=\"form-field-field_9\" class=\"elementor-field elementor-size-sm  elementor-acceptance-field\" required=\"required\" aria-required=\"true\">\n\t\t\t\t<label for=\"form-field-field_9\">Ich habe die Privacy Policy gelesen und stimme der Verarbeitung meiner pers\u00f6nlichen Daten zu, um\ndie erforderlichen Informationen zu erhalten<\/label>\t\t\t<\/span>\n\t\t<\/div>\n\t\t\t\t\t\t<\/div>\n\t\t\t\t\t\t\t\t<div class=\"elementor-field-group elementor-column elementor-field-type-submit elementor-col-100 e-form__buttons\">\n\t\t\t\t\t<button type=\"submit\" class=\"elementor-button elementor-size-md\">\n\t\t\t\t\t\t<span >\n\t\t\t\t\t\t\t\t\t\t\t\t\t\t\t<span class=\"elementor-button-icon\">\n\t\t\t\t\t\t\t\t\t\t\t\t\t\t\t\t\t\t\t\t\t\t\t\t\t\t<\/span>\n\t\t\t\t\t\t\t\t\t\t\t\t\t\t\t\t\t\t\t\t\t\t<span class=\"elementor-button-text\">SENDEN SIE DEN ANTRAG<\/span>\n\t\t\t\t\t\t\t\t\t\t\t\t\t<\/span>\n\t\t\t\t\t<\/button>\n\t\t\t\t<\/div>\n\t\t\t<\/div>\n\t\t<input type=\"hidden\" name=\"trp-form-language\" value=\"de\"\/><\/form>\n\t\t\t\t<\/div>\n\t\t\t\t<\/div>\n\t\t\t\t\t\t<\/div>\n\t\t\t\t\t<\/div>\n\t\t<\/div>\n\t\t\t\t\t\t\t\t<\/div>\n\t\t\t\t\t<\/div>\n\t\t<\/section>\n\t\t\t\t\t\t<\/div>\n\t\t\t\t\t\t<\/div>\n\t\t\t\t\t<\/div>","protected":false},"excerpt":{"rendered":"<p>Lavora con noi Siamo alla ricerca di collaboratori madrelingua per la promozione dei nostri servizi. Non \u00e8 richiesta la presenza in loco e potrai lavorare comodamente da casa tua. Compila il modulo e verrai ricontattato dal nostro staff.<\/p>","protected":false},"author":1,"featured_media":0,"parent":0,"menu_order":0,"comment_status":"closed","ping_status":"closed","template":"elementor_header_footer","meta":{"_mi_skip_tracking":false},"yoast_head":"<!-- This site is optimized with the Yoast SEO plugin v17.7 - https:\/\/yoast.com\/wordpress\/plugins\/seo\/ -->\n<title>Dialisi Ragusa | Vuoi venire a lavorare insieme a noi?<\/title>\n<meta name=\"description\" content=\"Siamo alla ricerca di collaboratori madrelingua. Non \u00e8 richiesta la presenza in loco e potrai lavorare comodamente da casa tua.\" \/>\n<meta name=\"robots\" content=\"index, follow, max-snippet:-1, max-image-preview:large, max-video-preview:-1\" \/>\n<link rel=\"canonical\" href=\"https:\/\/dialisiragusa.it\/de\/arbeite-mit-uns\/\" \/>\n<meta property=\"og:locale\" content=\"de_DE\" \/>\n<meta property=\"og:type\" content=\"article\" \/>\n<meta property=\"og:title\" content=\"Dialisi Ragusa | Vuoi venire a lavorare insieme a noi?\" \/>\n<meta property=\"og:description\" content=\"Siamo alla ricerca di collaboratori madrelingua. Non \u00e8 richiesta la presenza in loco e potrai lavorare comodamente da casa tua.\" \/>\n<meta property=\"og:url\" content=\"https:\/\/dialisiragusa.it\/de\/arbeite-mit-uns\/\" \/>\n<meta property=\"og:site_name\" content=\"Dialisi Ragusa\" \/>\n<meta property=\"article:modified_time\" content=\"2020-03-05T11:51:22+00:00\" \/>\n<meta property=\"og:image\" content=\"https:\/\/dialisiragusa.it\/wp-content\/uploads\/2019\/05\/preview-dialisi.png\" \/>\n\t<meta property=\"og:image:width\" content=\"1042\" \/>\n\t<meta property=\"og:image:height\" content=\"500\" \/>\n<meta name=\"twitter:card\" content=\"summary_large_image\" \/>\n<script type=\"application\/ld+json\" class=\"yoast-schema-graph\">{\"@context\":\"https:\/\/schema.org\",\"@graph\":[{\"@type\":\"Organization\",\"@id\":\"https:\/\/dialisiragusa.it\/#organization\",\"name\":\"Dialisi Ragusa\",\"url\":\"https:\/\/dialisiragusa.it\/\",\"sameAs\":[],\"logo\":{\"@type\":\"ImageObject\",\"@id\":\"https:\/\/dialisiragusa.it\/#logo\",\"inLanguage\":\"de\",\"url\":\"https:\/\/dialisiragusa.it\/wp-content\/uploads\/2019\/05\/Dialisi-Ragusa-vacanze-per-pazienti-emodializzati.png\",\"contentUrl\":\"https:\/\/dialisiragusa.it\/wp-content\/uploads\/2019\/05\/Dialisi-Ragusa-vacanze-per-pazienti-emodializzati.png\",\"width\":400,\"height\":71,\"caption\":\"Dialisi Ragusa\"},\"image\":{\"@id\":\"https:\/\/dialisiragusa.it\/#logo\"}},{\"@type\":\"WebSite\",\"@id\":\"https:\/\/dialisiragusa.it\/#website\",\"url\":\"https:\/\/dialisiragusa.it\/\",\"name\":\"Dialisi Ragusa\",\"description\":\"Vacanze per emodializzati\",\"publisher\":{\"@id\":\"https:\/\/dialisiragusa.it\/#organization\"},\"potentialAction\":[{\"@type\":\"SearchAction\",\"target\":{\"@type\":\"EntryPoint\",\"urlTemplate\":\"https:\/\/dialisiragusa.it\/?s={search_term_string}\"},\"query-input\":\"required name=search_term_string\"}],\"inLanguage\":\"de\"},{\"@type\":\"WebPage\",\"@id\":\"https:\/\/dialisiragusa.it\/lavora-con-noi\/#webpage\",\"url\":\"https:\/\/dialisiragusa.it\/lavora-con-noi\/\",\"name\":\"Dialisi Ragusa | Vuoi venire a lavorare insieme a noi?\",\"isPartOf\":{\"@id\":\"https:\/\/dialisiragusa.it\/#website\"},\"datePublished\":\"2019-09-26T14:45:15+00:00\",\"dateModified\":\"2020-03-05T11:51:22+00:00\",\"description\":\"Siamo alla ricerca di collaboratori madrelingua. Non \\u00e8 richiesta la presenza in loco e potrai lavorare comodamente da casa tua.\",\"breadcrumb\":{\"@id\":\"https:\/\/dialisiragusa.it\/lavora-con-noi\/#breadcrumb\"},\"inLanguage\":\"de\",\"potentialAction\":[{\"@type\":\"ReadAction\",\"target\":[\"https:\/\/dialisiragusa.it\/lavora-con-noi\/\"]}]},{\"@type\":\"BreadcrumbList\",\"@id\":\"https:\/\/dialisiragusa.it\/lavora-con-noi\/#breadcrumb\",\"itemListElement\":[{\"@type\":\"ListItem\",\"position\":1,\"name\":\"Home\",\"item\":\"https:\/\/dialisiragusa.it\/\"},{\"@type\":\"ListItem\",\"position\":2,\"name\":\"LAVORA CON NOI\"}]}]}<\/script>\n<!-- \/ Yoast SEO plugin. -->","yoast_head_json":{"title":"Dialisi Ragusa | Vuoi venire a lavorare insieme a noi?","description":"Siamo alla ricerca di collaboratori madrelingua. Non \u00e8 richiesta la presenza in loco e potrai lavorare comodamente da casa tua.","robots":{"index":"index","follow":"follow","max-snippet":"max-snippet:-1","max-image-preview":"max-image-preview:large","max-video-preview":"max-video-preview:-1"},"canonical":"https:\/\/dialisiragusa.it\/de\/arbeite-mit-uns\/","og_locale":"de_DE","og_type":"article","og_title":"Dialisi Ragusa | Vuoi venire a lavorare insieme a noi?","og_description":"Siamo alla ricerca di collaboratori madrelingua. Non \u00e8 richiesta la presenza in loco e potrai lavorare comodamente da casa tua.","og_url":"https:\/\/dialisiragusa.it\/de\/arbeite-mit-uns\/","og_site_name":"Dialisi Ragusa","article_modified_time":"2020-03-05T11:51:22+00:00","og_image":[{"width":1042,"height":500,"url":"https:\/\/dialisiragusa.it\/wp-content\/uploads\/2019\/05\/preview-dialisi.png","type":"image\/png"}],"twitter_card":"summary_large_image","schema":{"@context":"https:\/\/schema.org","@graph":[{"@type":"Organization","@id":"https:\/\/dialisiragusa.it\/#organization","name":"Dialisi Ragusa","url":"https:\/\/dialisiragusa.it\/","sameAs":[],"logo":{"@type":"ImageObject","@id":"https:\/\/dialisiragusa.it\/#logo","inLanguage":"de","url":"https:\/\/dialisiragusa.it\/wp-content\/uploads\/2019\/05\/Dialisi-Ragusa-vacanze-per-pazienti-emodializzati.png","contentUrl":"https:\/\/dialisiragusa.it\/wp-content\/uploads\/2019\/05\/Dialisi-Ragusa-vacanze-per-pazienti-emodializzati.png","width":400,"height":71,"caption":"Dialisi Ragusa"},"image":{"@id":"https:\/\/dialisiragusa.it\/#logo"}},{"@type":"WebSite","@id":"https:\/\/dialisiragusa.it\/#website","url":"https:\/\/dialisiragusa.it\/","name":"Dialisi Ragusa","description":"Vacanze per emodializzati","publisher":{"@id":"https:\/\/dialisiragusa.it\/#organization"},"potentialAction":[{"@type":"SearchAction","target":{"@type":"EntryPoint","urlTemplate":"https:\/\/dialisiragusa.it\/?s={search_term_string}"},"query-input":"required name=search_term_string"}],"inLanguage":"de"},{"@type":"WebPage","@id":"https:\/\/dialisiragusa.it\/lavora-con-noi\/#webpage","url":"https:\/\/dialisiragusa.it\/lavora-con-noi\/","name":"Dialisi Ragusa | Vuoi venire a lavorare insieme a noi?","isPartOf":{"@id":"https:\/\/dialisiragusa.it\/#website"},"datePublished":"2019-09-26T14:45:15+00:00","dateModified":"2020-03-05T11:51:22+00:00","description":"Siamo alla ricerca di collaboratori madrelingua. Non \u00e8 richiesta la presenza in loco e potrai lavorare comodamente da casa tua.","breadcrumb":{"@id":"https:\/\/dialisiragusa.it\/lavora-con-noi\/#breadcrumb"},"inLanguage":"de","potentialAction":[{"@type":"ReadAction","target":["https:\/\/dialisiragusa.it\/lavora-con-noi\/"]}]},{"@type":"BreadcrumbList","@id":"https:\/\/dialisiragusa.it\/lavora-con-noi\/#breadcrumb","itemListElement":[{"@type":"ListItem","position":1,"name":"Home","item":"https:\/\/dialisiragusa.it\/"},{"@type":"ListItem","position":2,"name":"LAVORA CON NOI"}]}]}},"_links":{"self":[{"href":"https:\/\/dialisiragusa.it\/de\/wp-json\/wp\/v2\/pages\/793"}],"collection":[{"href":"https:\/\/dialisiragusa.it\/de\/wp-json\/wp\/v2\/pages"}],"about":[{"href":"https:\/\/dialisiragusa.it\/de\/wp-json\/wp\/v2\/types\/page"}],"author":[{"embeddable":true,"href":"https:\/\/dialisiragusa.it\/de\/wp-json\/wp\/v2\/users\/1"}],"replies":[{"embeddable":true,"href":"https:\/\/dialisiragusa.it\/de\/wp-json\/wp\/v2\/comments?post=793"}],"version-history":[{"count":10,"href":"https:\/\/dialisiragusa.it\/de\/wp-json\/wp\/v2\/pages\/793\/revisions"}],"predecessor-version":[{"id":1565,"href":"https:\/\/dialisiragusa.it\/de\/wp-json\/wp\/v2\/pages\/793\/revisions\/1565"}],"wp:attachment":[{"href":"https:\/\/dialisiragusa.it\/de\/wp-json\/wp\/v2\/media?parent=793"}],"curies":[{"name":"wp","href":"https:\/\/api.w.org\/{rel}","templated":true}]}}